{"id":3322,"date":"2023-08-22T17:26:08","date_gmt":"2023-08-22T17:26:08","guid":{"rendered":"https:\/\/www.portexsa.com.tr\/urunler\/pvc-polar-serit-levhalar\/"},"modified":"2024-12-04T14:07:55","modified_gmt":"2024-12-04T14:07:55","slug":"pvc-polar-serit-levhalar","status":"publish","type":"page","link":"https:\/\/www.portexsa.com.tr\/tr\/urunler\/pvc-polar-serit-levhalar\/","title":{"rendered":"PVC Polar \u015eerit &#038; Levha"},"content":{"rendered":"\t\t<div data-elementor-type=\"wp-page\" data-elementor-id=\"3322\" class=\"elementor elementor-3322 elementor-433\" data-elementor-post-type=\"page\">\n\t\t\t\t\t\t<section class=\"elementor-section elementor-top-section elementor-element elementor-element-8927b2c elementor-section-content-middle elementor-section-boxed elementor-section-height-default elementor-section-height-default\" data-id=\"8927b2c\" data-element_type=\"section\" data-e-type=\"section\" data-settings=\"{&quot;background_background&quot;:&quot;classic&quot;}\">\n\t\t\t\t\t\t\t<div class=\"elementor-background-overlay\"><\/div>\n\t\t\t\t\t\t\t<div class=\"elementor-container elementor-column-gap-default\">\n\t\t\t\t\t<div class=\"elementor-column elementor-col-50 elementor-top-column elementor-element elementor-element-3583fab\" data-id=\"3583fab\" data-element_type=\"column\" data-e-type=\"column\">\n\t\t\t<div class=\"elementor-widget-wrap elementor-element-populated\">\n\t\t\t\t\t\t<div class=\"elementor-element elementor-element-f7e1a49 elementor-invisible elementor-widget elementor-widget-heading\" data-id=\"f7e1a49\" data-element_type=\"widget\" data-e-type=\"widget\" data-settings=\"{&quot;_animation&quot;:&quot;fadeInUp&quot;}\" data-widget_type=\"heading.default\">\n\t\t\t\t<div class=\"elementor-widget-container\">\n\t\t\t\t\t<h1 class=\"elementor-heading-title elementor-size-default\">PVC Polar \u015eerit &#038; Levha<\/h1>\t\t\t\t<\/div>\n\t\t\t\t<\/div>\n\t\t\t\t<div class=\"elementor-element elementor-element-1bc4fa2 elementor-widget elementor-widget-text-editor\" data-id=\"1bc4fa2\" data-element_type=\"widget\" data-e-type=\"widget\" data-widget_type=\"text-editor.default\">\n\t\t\t\t<div class=\"elementor-widget-container\">\n\t\t\t\t\t\t\t\t\t<p>D\u00fc\u015f\u00fck s\u0131cakl\u0131k durumlar\u0131 i\u00e7in geli\u015ftirilen bu g\u00fc\u00e7l\u00fc yal\u0131t\u0131m \u015feritleri, enerji kullan\u0131m\u0131n\u0131 en \u00fcst d\u00fczeye \u00e7\u0131kar\u0131rken kontroll\u00fc bir atmosfer sa\u011flar. Hassas bir \u015fekilde \u00fcretilmi\u015ftir; g\u00f6zeneksiz yumu\u015fak PVC \u015ferit levhalar, bakteri olu\u015fumuna direnen p\u00fcr\u00fczs\u00fcz bir y\u00fczey garanti eder ve kusursuz hijyen standartlar\u0131n\u0131 korur.<\/p>\n\t\t\t\t\t\t\t\t<\/div>\n\t\t\t\t<\/div>\n\t\t\t\t\t<\/div>\n\t\t<\/div>\n\t\t\t\t<div class=\"elementor-column elementor-col-50 elementor-top-column elementor-element elementor-element-23b5a4c\" data-id=\"23b5a4c\" data-element_type=\"column\" data-e-type=\"column\">\n\t\t\t<div class=\"elementor-widget-wrap elementor-element-populated\">\n\t\t\t\t\t\t<div class=\"elementor-element elementor-element-4466f15 elementor-widget elementor-widget-image-carousel\" data-id=\"4466f15\" data-element_type=\"widget\" data-e-type=\"widget\" data-settings=\"{&quot;slides_to_show&quot;:&quot;1&quot;,&quot;navigation&quot;:&quot;none&quot;,&quot;autoplay_speed&quot;:4000,&quot;effect&quot;:&quot;fade&quot;,&quot;autoplay&quot;:&quot;yes&quot;,&quot;pause_on_hover&quot;:&quot;yes&quot;,&quot;pause_on_interaction&quot;:&quot;yes&quot;,&quot;infinite&quot;:&quot;yes&quot;,&quot;speed&quot;:500}\" data-widget_type=\"image-carousel.default\">\n\t\t\t\t<div class=\"elementor-widget-container\">\n\t\t\t\t\t\t\t<div class=\"elementor-image-carousel-wrapper swiper\" role=\"region\" aria-roledescription=\"carousel\" aria-label=\"Resim D\u00f6ng\u00fcs\u00fc\" dir=\"ltr\">\n\t\t\t<div class=\"elementor-image-carousel swiper-wrapper\" aria-live=\"off\">\n\t\t\t\t\t\t\t\t<div class=\"swiper-slide\" role=\"group\" aria-roledescription=\"slide\" aria-label=\"1 \/ 2\"><figure class=\"swiper-slide-inner\"><img decoding=\"async\" class=\"swiper-slide-image\" src=\"https:\/\/www.portexsa.com.tr\/wp-content\/smush-webp\/2023\/08\/Polar-clear.jpg.webp\" alt=\"Polar-clear\" loading=\"lazy\" \/><\/figure><\/div><div class=\"swiper-slide\" role=\"group\" aria-roledescription=\"slide\" aria-label=\"2 \/ 2\"><figure class=\"swiper-slide-inner\"><img decoding=\"async\" class=\"swiper-slide-image\" src=\"https:\/\/www.portexsa.com.tr\/wp-content\/smush-webp\/2023\/08\/Polar-clear-2.jpg.webp\" alt=\"Polar-clear-2\" loading=\"lazy\" \/><\/figure><\/div>\t\t\t<\/div>\n\t\t\t\t\t\t\t\n\t\t\t\t\t\t\t\t\t<\/div>\n\t\t\t\t\t\t<\/div>\n\t\t\t\t<\/div>\n\t\t\t\t\t<\/div>\n\t\t<\/div>\n\t\t\t\t\t<\/div>\n\t\t<\/section>\n\t\t\t\t<section class=\"elementor-section elementor-top-section elementor-element elementor-element-129004 elementor-section-boxed elementor-section-height-default elementor-section-height-default\" data-id=\"129004\" data-element_type=\"section\" data-e-type=\"section\" data-settings=\"{&quot;background_background&quot;:&quot;classic&quot;}\">\n\t\t\t\t\t\t\t<div class=\"elementor-background-overlay\"><\/div>\n\t\t\t\t\t\t\t<div class=\"elementor-container elementor-column-gap-default\">\n\t\t\t\t\t<div class=\"elementor-column elementor-col-100 elementor-top-column elementor-element elementor-element-1c9b2724\" data-id=\"1c9b2724\" data-element_type=\"column\" data-e-type=\"column\">\n\t\t\t<div class=\"elementor-widget-wrap elementor-element-populated\">\n\t\t\t\t\t\t<section class=\"elementor-section elementor-inner-section elementor-element elementor-element-18089e6e elementor-section-boxed elementor-section-height-default elementor-section-height-default\" data-id=\"18089e6e\" data-element_type=\"section\" data-e-type=\"section\">\n\t\t\t\t\t\t<div class=\"elementor-container elementor-column-gap-default\">\n\t\t\t\t\t<div class=\"elementor-column elementor-col-100 elementor-inner-column elementor-element elementor-element-4cd54312 elementor-invisible\" data-id=\"4cd54312\" data-element_type=\"column\" data-e-type=\"column\" data-settings=\"{&quot;animation&quot;:&quot;fadeInUp&quot;}\">\n\t\t\t<div class=\"elementor-widget-wrap elementor-element-populated\">\n\t\t\t\t\t\t<div class=\"elementor-element elementor-element-5d16f3d3 elementor-widget elementor-widget-heading\" data-id=\"5d16f3d3\" data-element_type=\"widget\" data-e-type=\"widget\" data-widget_type=\"heading.default\">\n\t\t\t\t<div class=\"elementor-widget-container\">\n\t\t\t\t\t<h2 class=\"elementor-heading-title elementor-size-default\">Avantajlar<\/h2>\t\t\t\t<\/div>\n\t\t\t\t<\/div>\n\t\t\t\t\t<\/div>\n\t\t<\/div>\n\t\t\t\t\t<\/div>\n\t\t<\/section>\n\t\t\t\t<section class=\"elementor-section elementor-inner-section elementor-element elementor-element-70bc2a64 elementor-section-boxed elementor-section-height-default elementor-section-height-default elementor-invisible\" data-id=\"70bc2a64\" data-element_type=\"section\" data-e-type=\"section\" data-settings=\"{&quot;animation&quot;:&quot;fadeIn&quot;,&quot;animation_delay&quot;:200}\">\n\t\t\t\t\t\t<div class=\"elementor-container elementor-column-gap-default\">\n\t\t\t\t\t<div class=\"elementor-column elementor-col-33 elementor-inner-column elementor-element elementor-element-4038ec89\" data-id=\"4038ec89\" data-element_type=\"column\" data-e-type=\"column\">\n\t\t\t<div class=\"elementor-widget-wrap elementor-element-populated\">\n\t\t\t\t\t\t<div class=\"elementor-element elementor-element-5ce1f835 elementor-view-framed elementor-position-inline-start elementor-tablet-position-block-start elementor-mobile-position-inline-start elementor-shape-circle elementor-widget elementor-widget-icon-box\" data-id=\"5ce1f835\" data-element_type=\"widget\" data-e-type=\"widget\" data-widget_type=\"icon-box.default\">\n\t\t\t\t<div class=\"elementor-widget-container\">\n\t\t\t\t\t\t\t<div class=\"elementor-icon-box-wrapper\">\n\n\t\t\t\t\t\t<div class=\"elementor-icon-box-icon\">\n\t\t\t\t<span  class=\"elementor-icon\">\n\t\t\t\t<i aria-hidden=\"true\" class=\"icon icon-clock-1\"><\/i>\t\t\t\t<\/span>\n\t\t\t<\/div>\n\t\t\t\n\t\t\t\t\t\t<div class=\"elementor-icon-box-content\">\n\n\t\t\t\t\t\t\t\t\t<div class=\"elementor-icon-box-title\">\n\t\t\t\t\t\t<span  >\n\t\t\t\t\t\t\tDaha Fazla Verimlilik\t\t\t\t\t\t<\/span>\n\t\t\t\t\t<\/div>\n\t\t\t\t\n\t\t\t\t\t\t\t\t\t<p class=\"elementor-icon-box-description\">\n\t\t\t\t\t\tPVC Polar \u015eerit Levhalar, so\u011fuk havay\u0131 tutan bir bariyer olu\u015fturarak minimum enerji kayb\u0131 ve azalt\u0131lm\u0131\u015f i\u015fletme maliyetleri sa\u011flar.\t\t\t\t\t<\/p>\n\t\t\t\t\n\t\t\t<\/div>\n\t\t\t\n\t\t<\/div>\n\t\t\t\t\t\t<\/div>\n\t\t\t\t<\/div>\n\t\t\t\t\t<\/div>\n\t\t<\/div>\n\t\t\t\t<div class=\"elementor-column elementor-col-33 elementor-inner-column elementor-element elementor-element-60c4732e\" data-id=\"60c4732e\" data-element_type=\"column\" data-e-type=\"column\">\n\t\t\t<div class=\"elementor-widget-wrap elementor-element-populated\">\n\t\t\t\t\t\t<div class=\"elementor-element elementor-element-3c1959b elementor-view-framed elementor-position-inline-start elementor-tablet-position-block-start elementor-mobile-position-inline-start elementor-shape-circle elementor-widget elementor-widget-icon-box\" data-id=\"3c1959b\" data-element_type=\"widget\" data-e-type=\"widget\" data-widget_type=\"icon-box.default\">\n\t\t\t\t<div class=\"elementor-widget-container\">\n\t\t\t\t\t\t\t<div class=\"elementor-icon-box-wrapper\">\n\n\t\t\t\t\t\t<div class=\"elementor-icon-box-icon\">\n\t\t\t\t<span  class=\"elementor-icon\">\n\t\t\t\t<i aria-hidden=\"true\" class=\"icon icon-mirror\"><\/i>\t\t\t\t<\/span>\n\t\t\t<\/div>\n\t\t\t\n\t\t\t\t\t\t<div class=\"elementor-icon-box-content\">\n\n\t\t\t\t\t\t\t\t\t<div class=\"elementor-icon-box-title\">\n\t\t\t\t\t\t<span  >\n\t\t\t\t\t\t\tE\u015fsiz Netlik\t\t\t\t\t\t<\/span>\n\t\t\t\t\t<\/div>\n\t\t\t\t\n\t\t\t\t\t\t\t\t\t<p class=\"elementor-icon-box-description\">\n\t\t\t\t\t\tOla\u011fan\u00fcst\u00fc netlikle, bu \u015feritler net bir g\u00f6r\u00fc\u015f sa\u011flar, insanlar, ara\u00e7lar ve mallar i\u00e7in engelsiz bir ge\u00e7i\u015fe izin verir ve operasyonlar\u0131 kolayla\u015ft\u0131r\u0131r.\t\t\t\t\t<\/p>\n\t\t\t\t\n\t\t\t<\/div>\n\t\t\t\n\t\t<\/div>\n\t\t\t\t\t\t<\/div>\n\t\t\t\t<\/div>\n\t\t\t\t\t<\/div>\n\t\t<\/div>\n\t\t\t\t<div class=\"elementor-column elementor-col-33 elementor-inner-column elementor-element elementor-element-6f15a01b\" data-id=\"6f15a01b\" data-element_type=\"column\" data-e-type=\"column\">\n\t\t\t<div class=\"elementor-widget-wrap elementor-element-populated\">\n\t\t\t\t\t\t<div class=\"elementor-element elementor-element-1ccce784 elementor-view-framed elementor-position-inline-start elementor-tablet-position-block-start elementor-mobile-position-inline-start elementor-shape-circle elementor-widget elementor-widget-icon-box\" data-id=\"1ccce784\" data-element_type=\"widget\" data-e-type=\"widget\" data-widget_type=\"icon-box.default\">\n\t\t\t\t<div class=\"elementor-widget-container\">\n\t\t\t\t\t\t\t<div class=\"elementor-icon-box-wrapper\">\n\n\t\t\t\t\t\t<div class=\"elementor-icon-box-icon\">\n\t\t\t\t<span  class=\"elementor-icon\">\n\t\t\t\t<i aria-hidden=\"true\" class=\"icon icon-construction-tool-vehicle-with-crane-lifting-materials\"><\/i>\t\t\t\t<\/span>\n\t\t\t<\/div>\n\t\t\t\n\t\t\t\t\t\t<div class=\"elementor-icon-box-content\">\n\n\t\t\t\t\t\t\t\t\t<div class=\"elementor-icon-box-title\">\n\t\t\t\t\t\t<span  >\n\t\t\t\t\t\t\tG\u00fc\u00e7l\u00fc Performans\t\t\t\t\t\t<\/span>\n\t\t\t\t\t<\/div>\n\t\t\t\t\n\t\t\t\t\t\t\t\t\t<p class=\"elementor-icon-box-description\">\n\t\t\t\t\t\tBu \u015feritler esnek, dayan\u0131kl\u0131 ve \u00e7atlamaya kar\u015f\u0131 diren\u00e7li kal\u0131r ve i\u00e7 ve d\u0131\u015f mekanlarda kal\u0131c\u0131 performans garanti eder.\t\t\t\t\t<\/p>\n\t\t\t\t\n\t\t\t<\/div>\n\t\t\t\n\t\t<\/div>\n\t\t\t\t\t\t<\/div>\n\t\t\t\t<\/div>\n\t\t\t\t\t<\/div>\n\t\t<\/div>\n\t\t\t\t\t<\/div>\n\t\t<\/section>\n\t\t\t\t<section class=\"elementor-section elementor-inner-section elementor-element elementor-element-7bede791 elementor-section-boxed elementor-section-height-default elementor-section-height-default elementor-invisible\" data-id=\"7bede791\" data-element_type=\"section\" data-e-type=\"section\" data-settings=\"{&quot;animation&quot;:&quot;fadeIn&quot;,&quot;animation_delay&quot;:300}\">\n\t\t\t\t\t\t<div class=\"elementor-container elementor-column-gap-default\">\n\t\t\t\t\t<div class=\"elementor-column elementor-col-33 elementor-inner-column elementor-element elementor-element-2521c961\" data-id=\"2521c961\" data-element_type=\"column\" data-e-type=\"column\">\n\t\t\t<div class=\"elementor-widget-wrap elementor-element-populated\">\n\t\t\t\t\t\t<div class=\"elementor-element elementor-element-38f731da elementor-view-framed elementor-position-inline-start elementor-tablet-position-block-start elementor-mobile-position-inline-start elementor-shape-circle elementor-widget elementor-widget-icon-box\" data-id=\"38f731da\" data-element_type=\"widget\" data-e-type=\"widget\" data-widget_type=\"icon-box.default\">\n\t\t\t\t<div class=\"elementor-widget-container\">\n\t\t\t\t\t\t\t<div class=\"elementor-icon-box-wrapper\">\n\n\t\t\t\t\t\t<div class=\"elementor-icon-box-icon\">\n\t\t\t\t<span  class=\"elementor-icon\">\n\t\t\t\t<i aria-hidden=\"true\" class=\"fab fa-battle-net\"><\/i>\t\t\t\t<\/span>\n\t\t\t<\/div>\n\t\t\t\n\t\t\t\t\t\t<div class=\"elementor-icon-box-content\">\n\n\t\t\t\t\t\t\t\t\t<div class=\"elementor-icon-box-title\">\n\t\t\t\t\t\t<span  >\n\t\t\t\t\t\t\tHijyen\t\t\t\t\t\t<\/span>\n\t\t\t\t\t<\/div>\n\t\t\t\t\n\t\t\t\t\t\t\t\t\t<p class=\"elementor-icon-box-description\">\n\t\t\t\t\t\tG\u0131da i\u015fleme tesisleri, so\u011fuk hava depolar\u0131 ve restoranlar gibi hassas alanlarda, g\u00f6zeneksiz y\u00fczey bakteri olu\u015fumunu \u00f6nleyerek temiz ve g\u00fcvenli bir atmosfer sa\u011flar.\t\t\t\t\t<\/p>\n\t\t\t\t\n\t\t\t<\/div>\n\t\t\t\n\t\t<\/div>\n\t\t\t\t\t\t<\/div>\n\t\t\t\t<\/div>\n\t\t\t\t\t<\/div>\n\t\t<\/div>\n\t\t\t\t<div class=\"elementor-column elementor-col-33 elementor-inner-column elementor-element elementor-element-3aa29085\" data-id=\"3aa29085\" data-element_type=\"column\" data-e-type=\"column\">\n\t\t\t<div class=\"elementor-widget-wrap\">\n\t\t\t\t\t\t\t<\/div>\n\t\t<\/div>\n\t\t\t\t<div class=\"elementor-column elementor-col-33 elementor-inner-column elementor-element elementor-element-2bc9ad4f\" data-id=\"2bc9ad4f\" data-element_type=\"column\" data-e-type=\"column\">\n\t\t\t<div class=\"elementor-widget-wrap\">\n\t\t\t\t\t\t\t<\/div>\n\t\t<\/div>\n\t\t\t\t\t<\/div>\n\t\t<\/section>\n\t\t\t\t\t<\/div>\n\t\t<\/div>\n\t\t\t\t\t<\/div>\n\t\t<\/section>\n\t\t\t\t<\/div>\n\t\t","protected":false},"excerpt":{"rendered":"<p>D\u00fc\u015f\u00fck s\u0131cakl\u0131k durumlar\u0131 i\u00e7in geli\u015ftirilen bu g\u00fc\u00e7l\u00fc yal\u0131t\u0131m \u015feritleri, enerji kullan\u0131m\u0131n\u0131 en \u00fcst d\u00fczeye \u00e7\u0131kar\u0131rken kontroll\u00fc bir atmosfer sa\u011flar. Hassas bir \u015fekilde \u00fcretilmi\u015ftir; g\u00f6zeneksiz yumu\u015fak PVC \u015ferit levhalar, bakteri olu\u015fumuna direnen p\u00fcr\u00fczs\u00fcz bir y\u00fczey garanti eder ve kusursuz hijyen standartlar\u0131n\u0131 korur. Avantajlar Daha Fazla Verimlilik PVC Polar \u015eerit Levhalar, so\u011fuk havay\u0131 tutan bir bariyer olu\u015fturarak [&hellip;]<\/p>\n","protected":false},"author":1,"featured_media":0,"parent":3312,"menu_order":0,"comment_status":"closed","ping_status":"closed","template":"","meta":{"om_disable_all_campaigns":false,"_uf_show_specific_survey":0,"_uf_disable_surveys":false,"footnotes":""},"class_list":["post-3322","page","type-page","status-publish","hentry"],"aioseo_notices":[],"yoast_head":"<!-- This site is optimized with the Yoast SEO plugin v27.5 - https:\/\/yoast.com\/product\/yoast-seo-wordpress\/ -->\n<title>PVC Polar \u015eerit &amp; Levha - Soft PVC<\/title>\n<meta name=\"robots\" content=\"index, follow, max-snippet:-1, max-image-preview:large, max-video-preview:-1\" \/>\n<link rel=\"canonical\" href=\"https:\/\/www.portexsa.com.tr\/products\/polar-clear-curtain-strip\/\" \/>\n<meta property=\"og:locale\" content=\"tr_TR\" \/>\n<meta property=\"og:type\" content=\"article\" \/>\n<meta property=\"og:title\" content=\"PVC Polar \u015eerit &amp; Levha - Soft PVC\" \/>\n<meta property=\"og:description\" content=\"D\u00fc\u015f\u00fck s\u0131cakl\u0131k durumlar\u0131 i\u00e7in geli\u015ftirilen bu g\u00fc\u00e7l\u00fc yal\u0131t\u0131m \u015feritleri, enerji kullan\u0131m\u0131n\u0131 en \u00fcst d\u00fczeye \u00e7\u0131kar\u0131rken kontroll\u00fc bir atmosfer sa\u011flar. Hassas bir \u015fekilde \u00fcretilmi\u015ftir; g\u00f6zeneksiz yumu\u015fak PVC \u015ferit levhalar, bakteri olu\u015fumuna direnen p\u00fcr\u00fczs\u00fcz bir y\u00fczey garanti eder ve kusursuz hijyen standartlar\u0131n\u0131 korur. Avantajlar Daha Fazla Verimlilik PVC Polar \u015eerit Levhalar, so\u011fuk havay\u0131 tutan bir bariyer olu\u015fturarak [&hellip;]\" \/>\n<meta property=\"og:url\" content=\"https:\/\/www.portexsa.com.tr\/products\/polar-clear-curtain-strip\/\" \/>\n<meta property=\"og:site_name\" content=\"Soft PVC\" \/>\n<meta property=\"article:modified_time\" content=\"2024-12-04T14:07:55+00:00\" \/>\n<meta property=\"og:image\" content=\"https:\/\/www.portexsa.com.tr\/wp-content\/uploads\/2023\/08\/Polar-clear.jpg\" \/>\n<meta name=\"twitter:card\" content=\"summary_large_image\" \/>\n<meta name=\"twitter:label1\" content=\"Tahmini okuma s\u00fcresi\" \/>\n\t<meta name=\"twitter:data1\" content=\"1 dakika\" \/>\n<script type=\"application\/ld+json\" class=\"yoast-schema-graph\">{\"@context\":\"https:\\\/\\\/schema.org\",\"@graph\":[{\"@type\":\"WebPage\",\"@id\":\"https:\\\/\\\/www.portexsa.com.tr\\\/products\\\/polar-clear-curtain-strip\\\/\",\"url\":\"https:\\\/\\\/www.portexsa.com.tr\\\/products\\\/polar-clear-curtain-strip\\\/\",\"name\":\"PVC Polar \u015eerit & Levha - Soft PVC\",\"isPartOf\":{\"@id\":\"https:\\\/\\\/www.portexsa.com.tr\\\/#website\"},\"primaryImageOfPage\":{\"@id\":\"https:\\\/\\\/www.portexsa.com.tr\\\/products\\\/polar-clear-curtain-strip\\\/#primaryimage\"},\"image\":{\"@id\":\"https:\\\/\\\/www.portexsa.com.tr\\\/products\\\/polar-clear-curtain-strip\\\/#primaryimage\"},\"thumbnailUrl\":\"https:\\\/\\\/www.portexsa.com.tr\\\/wp-content\\\/uploads\\\/2023\\\/08\\\/Polar-clear.jpg\",\"datePublished\":\"2023-08-22T17:26:08+00:00\",\"dateModified\":\"2024-12-04T14:07:55+00:00\",\"breadcrumb\":{\"@id\":\"https:\\\/\\\/www.portexsa.com.tr\\\/products\\\/polar-clear-curtain-strip\\\/#breadcrumb\"},\"inLanguage\":\"tr\",\"potentialAction\":[{\"@type\":\"ReadAction\",\"target\":[\"https:\\\/\\\/www.portexsa.com.tr\\\/products\\\/polar-clear-curtain-strip\\\/\"]}]},{\"@type\":\"ImageObject\",\"inLanguage\":\"tr\",\"@id\":\"https:\\\/\\\/www.portexsa.com.tr\\\/products\\\/polar-clear-curtain-strip\\\/#primaryimage\",\"url\":\"https:\\\/\\\/www.portexsa.com.tr\\\/wp-content\\\/uploads\\\/2023\\\/08\\\/Polar-clear.jpg\",\"contentUrl\":\"https:\\\/\\\/www.portexsa.com.tr\\\/wp-content\\\/uploads\\\/2023\\\/08\\\/Polar-clear.jpg\"},{\"@type\":\"BreadcrumbList\",\"@id\":\"https:\\\/\\\/www.portexsa.com.tr\\\/products\\\/polar-clear-curtain-strip\\\/#breadcrumb\",\"itemListElement\":[{\"@type\":\"ListItem\",\"position\":1,\"name\":\"Home\",\"item\":\"https:\\\/\\\/www.portexsa.com.tr\\\/tr\\\/\"},{\"@type\":\"ListItem\",\"position\":2,\"name\":\"\u00dcr\u00fcnlerimiz\",\"item\":\"https:\\\/\\\/www.portexsa.com.tr\\\/products\\\/\"},{\"@type\":\"ListItem\",\"position\":3,\"name\":\"PVC Polar \u015eerit &#038; Levha\"}]},{\"@type\":\"WebSite\",\"@id\":\"https:\\\/\\\/www.portexsa.com.tr\\\/#website\",\"url\":\"https:\\\/\\\/www.portexsa.com.tr\\\/\",\"name\":\"Portexsa Soft PVC\",\"description\":\"Portexsa Soft Pvc\",\"publisher\":{\"@id\":\"https:\\\/\\\/www.portexsa.com.tr\\\/#organization\"},\"potentialAction\":[{\"@type\":\"SearchAction\",\"target\":{\"@type\":\"EntryPoint\",\"urlTemplate\":\"https:\\\/\\\/www.portexsa.com.tr\\\/?s={search_term_string}\"},\"query-input\":{\"@type\":\"PropertyValueSpecification\",\"valueRequired\":true,\"valueName\":\"search_term_string\"}}],\"inLanguage\":\"tr\"},{\"@type\":\"Organization\",\"@id\":\"https:\\\/\\\/www.portexsa.com.tr\\\/#organization\",\"name\":\"Soft PVC Curtain Strip\",\"url\":\"https:\\\/\\\/www.portexsa.com.tr\\\/\",\"logo\":{\"@type\":\"ImageObject\",\"inLanguage\":\"tr\",\"@id\":\"https:\\\/\\\/www.portexsa.com.tr\\\/#\\\/schema\\\/logo\\\/image\\\/\",\"url\":\"https:\\\/\\\/www.portexsa.com.tr\\\/wp-content\\\/uploads\\\/2024\\\/11\\\/logo-new-1.png\",\"contentUrl\":\"https:\\\/\\\/www.portexsa.com.tr\\\/wp-content\\\/uploads\\\/2024\\\/11\\\/logo-new-1.png\",\"width\":280,\"height\":82,\"caption\":\"Soft PVC Curtain Strip\"},\"image\":{\"@id\":\"https:\\\/\\\/www.portexsa.com.tr\\\/#\\\/schema\\\/logo\\\/image\\\/\"}}]}<\/script>\n<!-- \/ Yoast SEO plugin. -->","yoast_head_json":{"title":"PVC Polar \u015eerit & Levha - Soft PVC","robots":{"index":"index","follow":"follow","max-snippet":"max-snippet:-1","max-image-preview":"max-image-preview:large","max-video-preview":"max-video-preview:-1"},"canonical":"https:\/\/www.portexsa.com.tr\/products\/polar-clear-curtain-strip\/","og_locale":"tr_TR","og_type":"article","og_title":"PVC Polar \u015eerit & Levha - Soft PVC","og_description":"D\u00fc\u015f\u00fck s\u0131cakl\u0131k durumlar\u0131 i\u00e7in geli\u015ftirilen bu g\u00fc\u00e7l\u00fc yal\u0131t\u0131m \u015feritleri, enerji kullan\u0131m\u0131n\u0131 en \u00fcst d\u00fczeye \u00e7\u0131kar\u0131rken kontroll\u00fc bir atmosfer sa\u011flar. Hassas bir \u015fekilde \u00fcretilmi\u015ftir; g\u00f6zeneksiz yumu\u015fak PVC \u015ferit levhalar, bakteri olu\u015fumuna direnen p\u00fcr\u00fczs\u00fcz bir y\u00fczey garanti eder ve kusursuz hijyen standartlar\u0131n\u0131 korur. Avantajlar Daha Fazla Verimlilik PVC Polar \u015eerit Levhalar, so\u011fuk havay\u0131 tutan bir bariyer olu\u015fturarak [&hellip;]","og_url":"https:\/\/www.portexsa.com.tr\/products\/polar-clear-curtain-strip\/","og_site_name":"Soft PVC","article_modified_time":"2024-12-04T14:07:55+00:00","og_image":[{"url":"https:\/\/www.portexsa.com.tr\/wp-content\/uploads\/2023\/08\/Polar-clear.jpg","type":"","width":"","height":""}],"twitter_card":"summary_large_image","twitter_misc":{"Tahmini okuma s\u00fcresi":"1 dakika"},"schema":{"@context":"https:\/\/schema.org","@graph":[{"@type":"WebPage","@id":"https:\/\/www.portexsa.com.tr\/products\/polar-clear-curtain-strip\/","url":"https:\/\/www.portexsa.com.tr\/products\/polar-clear-curtain-strip\/","name":"PVC Polar \u015eerit & Levha - Soft PVC","isPartOf":{"@id":"https:\/\/www.portexsa.com.tr\/#website"},"primaryImageOfPage":{"@id":"https:\/\/www.portexsa.com.tr\/products\/polar-clear-curtain-strip\/#primaryimage"},"image":{"@id":"https:\/\/www.portexsa.com.tr\/products\/polar-clear-curtain-strip\/#primaryimage"},"thumbnailUrl":"https:\/\/www.portexsa.com.tr\/wp-content\/uploads\/2023\/08\/Polar-clear.jpg","datePublished":"2023-08-22T17:26:08+00:00","dateModified":"2024-12-04T14:07:55+00:00","breadcrumb":{"@id":"https:\/\/www.portexsa.com.tr\/products\/polar-clear-curtain-strip\/#breadcrumb"},"inLanguage":"tr","potentialAction":[{"@type":"ReadAction","target":["https:\/\/www.portexsa.com.tr\/products\/polar-clear-curtain-strip\/"]}]},{"@type":"ImageObject","inLanguage":"tr","@id":"https:\/\/www.portexsa.com.tr\/products\/polar-clear-curtain-strip\/#primaryimage","url":"https:\/\/www.portexsa.com.tr\/wp-content\/uploads\/2023\/08\/Polar-clear.jpg","contentUrl":"https:\/\/www.portexsa.com.tr\/wp-content\/uploads\/2023\/08\/Polar-clear.jpg"},{"@type":"BreadcrumbList","@id":"https:\/\/www.portexsa.com.tr\/products\/polar-clear-curtain-strip\/#breadcrumb","itemListElement":[{"@type":"ListItem","position":1,"name":"Home","item":"https:\/\/www.portexsa.com.tr\/tr\/"},{"@type":"ListItem","position":2,"name":"\u00dcr\u00fcnlerimiz","item":"https:\/\/www.portexsa.com.tr\/products\/"},{"@type":"ListItem","position":3,"name":"PVC Polar \u015eerit &#038; Levha"}]},{"@type":"WebSite","@id":"https:\/\/www.portexsa.com.tr\/#website","url":"https:\/\/www.portexsa.com.tr\/","name":"Portexsa Soft PVC","description":"Portexsa Soft Pvc","publisher":{"@id":"https:\/\/www.portexsa.com.tr\/#organization"},"potentialAction":[{"@type":"SearchAction","target":{"@type":"EntryPoint","urlTemplate":"https:\/\/www.portexsa.com.tr\/?s={search_term_string}"},"query-input":{"@type":"PropertyValueSpecification","valueRequired":true,"valueName":"search_term_string"}}],"inLanguage":"tr"},{"@type":"Organization","@id":"https:\/\/www.portexsa.com.tr\/#organization","name":"Soft PVC Curtain Strip","url":"https:\/\/www.portexsa.com.tr\/","logo":{"@type":"ImageObject","inLanguage":"tr","@id":"https:\/\/www.portexsa.com.tr\/#\/schema\/logo\/image\/","url":"https:\/\/www.portexsa.com.tr\/wp-content\/uploads\/2024\/11\/logo-new-1.png","contentUrl":"https:\/\/www.portexsa.com.tr\/wp-content\/uploads\/2024\/11\/logo-new-1.png","width":280,"height":82,"caption":"Soft PVC Curtain Strip"},"image":{"@id":"https:\/\/www.portexsa.com.tr\/#\/schema\/logo\/image\/"}}]}},"_links":{"self":[{"href":"https:\/\/www.portexsa.com.tr\/tr\/wp-json\/wp\/v2\/pages\/3322","targetHints":{"allow":["GET"]}}],"collection":[{"href":"https:\/\/www.portexsa.com.tr\/tr\/wp-json\/wp\/v2\/pages"}],"about":[{"href":"https:\/\/www.portexsa.com.tr\/tr\/wp-json\/wp\/v2\/types\/page"}],"author":[{"embeddable":true,"href":"https:\/\/www.portexsa.com.tr\/tr\/wp-json\/wp\/v2\/users\/1"}],"replies":[{"embeddable":true,"href":"https:\/\/www.portexsa.com.tr\/tr\/wp-json\/wp\/v2\/comments?post=3322"}],"version-history":[{"count":3,"href":"https:\/\/www.portexsa.com.tr\/tr\/wp-json\/wp\/v2\/pages\/3322\/revisions"}],"predecessor-version":[{"id":3394,"href":"https:\/\/www.portexsa.com.tr\/tr\/wp-json\/wp\/v2\/pages\/3322\/revisions\/3394"}],"up":[{"embeddable":true,"href":"https:\/\/www.portexsa.com.tr\/tr\/wp-json\/wp\/v2\/pages\/3312"}],"wp:attachment":[{"href":"https:\/\/www.portexsa.com.tr\/tr\/wp-json\/wp\/v2\/media?parent=3322"}],"curies":[{"name":"wp","href":"https:\/\/api.w.org\/{rel}","templated":true}]}}