{"id":3316,"date":"2023-08-22T16:56:38","date_gmt":"2023-08-22T16:56:38","guid":{"rendered":"https:\/\/www.portexsa.com.tr\/urunler\/bocek-onleyici-sari-pvc-serit-perde\/"},"modified":"2024-12-04T14:13:19","modified_gmt":"2024-12-04T14:13:19","slug":"bocek-onleyici-sari-pvc-serit-perde","status":"publish","type":"page","link":"https:\/\/www.portexsa.com.tr\/tr\/urunler\/bocek-onleyici-sari-pvc-serit-perde\/","title":{"rendered":"B\u00f6cek \u00d6nleyici Sar\u0131 PVC \u015eerit &#038; Levha"},"content":{"rendered":"\t\t<div data-elementor-type=\"wp-page\" data-elementor-id=\"3316\" class=\"elementor elementor-3316 elementor-395\" data-elementor-post-type=\"page\">\n\t\t\t\t\t\t<section class=\"elementor-section elementor-top-section elementor-element elementor-element-8927b2c elementor-section-content-middle elementor-section-boxed elementor-section-height-default elementor-section-height-default\" data-id=\"8927b2c\" data-element_type=\"section\" data-e-type=\"section\" data-settings=\"{&quot;background_background&quot;:&quot;classic&quot;}\">\n\t\t\t\t\t\t\t<div class=\"elementor-background-overlay\"><\/div>\n\t\t\t\t\t\t\t<div class=\"elementor-container elementor-column-gap-default\">\n\t\t\t\t\t<div class=\"elementor-column elementor-col-50 elementor-top-column elementor-element elementor-element-3583fab\" data-id=\"3583fab\" data-element_type=\"column\" data-e-type=\"column\">\n\t\t\t<div class=\"elementor-widget-wrap elementor-element-populated\">\n\t\t\t\t\t\t<div class=\"elementor-element elementor-element-f7e1a49 elementor-invisible elementor-widget elementor-widget-heading\" data-id=\"f7e1a49\" data-element_type=\"widget\" data-e-type=\"widget\" data-settings=\"{&quot;_animation&quot;:&quot;fadeInUp&quot;}\" data-widget_type=\"heading.default\">\n\t\t\t\t<div class=\"elementor-widget-container\">\n\t\t\t\t\t<h1 class=\"elementor-heading-title elementor-size-default\">B\u00f6cek \u00d6nleyici Sar\u0131 PVC \u015eerit &#038; Levha<\/h1>\t\t\t\t<\/div>\n\t\t\t\t<\/div>\n\t\t\t\t<div class=\"elementor-element elementor-element-1bc4fa2 elementor-widget elementor-widget-text-editor\" data-id=\"1bc4fa2\" data-element_type=\"widget\" data-e-type=\"widget\" data-widget_type=\"text-editor.default\">\n\t\t\t\t<div class=\"elementor-widget-container\">\n\t\t\t\t\t\t\t\t\t<p>Havadaki zararl\u0131lar\u0131 uzakla\u015ft\u0131r\u0131rken dost canl\u0131s\u0131 bir ortam sa\u011flayan Anti-B\u00f6cek Sar\u0131 Yumu\u015fak PVC \u015eerit &amp; Levha, zararl\u0131lardan uzak ortamlar\u0131n tad\u0131n\u0131 \u00e7\u0131kar\u0131n. Bu hassas bir \u015fekilde haz\u0131rlanm\u0131\u015f yar\u0131 saydam sar\u0131 yumu\u015fak pvc \u015ferit levha \u00fcr\u00fcn\u00fc ar\u0131lar\u0131, sinekleri ve di\u011fer b\u00f6cekleri uzak tutma yetene\u011fiyle bilinen do\u011fal bir b\u00f6cek kovucu olan \u00f6zel bir kokuya ve renge sahiptir.<\/p>\n\t\t\t\t\t\t\t\t<\/div>\n\t\t\t\t<\/div>\n\t\t\t\t\t<\/div>\n\t\t<\/div>\n\t\t\t\t<div class=\"elementor-column elementor-col-50 elementor-top-column elementor-element elementor-element-23b5a4c\" data-id=\"23b5a4c\" data-element_type=\"column\" data-e-type=\"column\">\n\t\t\t<div class=\"elementor-widget-wrap elementor-element-populated\">\n\t\t\t\t\t\t<div class=\"elementor-element elementor-element-a9b15f0 elementor-widget elementor-widget-image-carousel\" data-id=\"a9b15f0\" data-element_type=\"widget\" data-e-type=\"widget\" data-settings=\"{&quot;slides_to_show&quot;:&quot;1&quot;,&quot;navigation&quot;:&quot;none&quot;,&quot;autoplay_speed&quot;:4000,&quot;effect&quot;:&quot;fade&quot;,&quot;autoplay&quot;:&quot;yes&quot;,&quot;pause_on_hover&quot;:&quot;yes&quot;,&quot;pause_on_interaction&quot;:&quot;yes&quot;,&quot;infinite&quot;:&quot;yes&quot;,&quot;speed&quot;:500}\" data-widget_type=\"image-carousel.default\">\n\t\t\t\t<div class=\"elementor-widget-container\">\n\t\t\t\t\t\t\t<div class=\"elementor-image-carousel-wrapper swiper\" role=\"region\" aria-roledescription=\"carousel\" aria-label=\"Resim D\u00f6ng\u00fcs\u00fc\" dir=\"ltr\">\n\t\t\t<div class=\"elementor-image-carousel swiper-wrapper\" aria-live=\"off\">\n\t\t\t\t\t\t\t\t<div class=\"swiper-slide\" role=\"group\" aria-roledescription=\"slide\" aria-label=\"1 \/ 1\"><figure class=\"swiper-slide-inner\"><img decoding=\"async\" class=\"swiper-slide-image\" src=\"https:\/\/www.portexsa.com.tr\/wp-content\/smush-webp\/2023\/08\/anti-insect.jpg.webp\" alt=\"anti-insect\" loading=\"lazy\" \/><\/figure><\/div>\t\t\t<\/div>\n\t\t\t\t\t<\/div>\n\t\t\t\t\t\t<\/div>\n\t\t\t\t<\/div>\n\t\t\t\t\t<\/div>\n\t\t<\/div>\n\t\t\t\t\t<\/div>\n\t\t<\/section>\n\t\t\t\t<section class=\"elementor-section elementor-top-section elementor-element elementor-element-129004 elementor-section-boxed elementor-section-height-default elementor-section-height-default\" data-id=\"129004\" data-element_type=\"section\" data-e-type=\"section\" data-settings=\"{&quot;background_background&quot;:&quot;classic&quot;}\">\n\t\t\t\t\t\t\t<div class=\"elementor-background-overlay\"><\/div>\n\t\t\t\t\t\t\t<div class=\"elementor-container elementor-column-gap-default\">\n\t\t\t\t\t<div class=\"elementor-column elementor-col-100 elementor-top-column elementor-element elementor-element-1c9b2724\" data-id=\"1c9b2724\" data-element_type=\"column\" data-e-type=\"column\">\n\t\t\t<div class=\"elementor-widget-wrap elementor-element-populated\">\n\t\t\t\t\t\t<section class=\"elementor-section elementor-inner-section elementor-element elementor-element-18089e6e elementor-section-boxed elementor-section-height-default elementor-section-height-default\" data-id=\"18089e6e\" data-element_type=\"section\" data-e-type=\"section\">\n\t\t\t\t\t\t<div class=\"elementor-container elementor-column-gap-default\">\n\t\t\t\t\t<div class=\"elementor-column elementor-col-100 elementor-inner-column elementor-element elementor-element-4cd54312 elementor-invisible\" data-id=\"4cd54312\" data-element_type=\"column\" data-e-type=\"column\" data-settings=\"{&quot;animation&quot;:&quot;fadeInUp&quot;}\">\n\t\t\t<div class=\"elementor-widget-wrap elementor-element-populated\">\n\t\t\t\t\t\t<div class=\"elementor-element elementor-element-5d16f3d3 elementor-widget elementor-widget-heading\" data-id=\"5d16f3d3\" data-element_type=\"widget\" data-e-type=\"widget\" data-widget_type=\"heading.default\">\n\t\t\t\t<div class=\"elementor-widget-container\">\n\t\t\t\t\t<h2 class=\"elementor-heading-title elementor-size-default\">Faydalar\u0131<\/h2>\t\t\t\t<\/div>\n\t\t\t\t<\/div>\n\t\t\t\t\t<\/div>\n\t\t<\/div>\n\t\t\t\t\t<\/div>\n\t\t<\/section>\n\t\t\t\t<section class=\"elementor-section elementor-inner-section elementor-element elementor-element-70bc2a64 elementor-section-boxed elementor-section-height-default elementor-section-height-default elementor-invisible\" data-id=\"70bc2a64\" data-element_type=\"section\" data-e-type=\"section\" data-settings=\"{&quot;animation&quot;:&quot;fadeIn&quot;,&quot;animation_delay&quot;:200}\">\n\t\t\t\t\t\t<div class=\"elementor-container elementor-column-gap-default\">\n\t\t\t\t\t<div class=\"elementor-column elementor-col-33 elementor-inner-column elementor-element elementor-element-4038ec89\" data-id=\"4038ec89\" data-element_type=\"column\" data-e-type=\"column\">\n\t\t\t<div class=\"elementor-widget-wrap elementor-element-populated\">\n\t\t\t\t\t\t<div class=\"elementor-element elementor-element-5ce1f835 elementor-view-framed elementor-position-inline-start elementor-tablet-position-block-start elementor-mobile-position-inline-start elementor-shape-circle elementor-widget elementor-widget-icon-box\" data-id=\"5ce1f835\" data-element_type=\"widget\" data-e-type=\"widget\" data-widget_type=\"icon-box.default\">\n\t\t\t\t<div class=\"elementor-widget-container\">\n\t\t\t\t\t\t\t<div class=\"elementor-icon-box-wrapper\">\n\n\t\t\t\t\t\t<div class=\"elementor-icon-box-icon\">\n\t\t\t\t<span  class=\"elementor-icon\">\n\t\t\t\t<i aria-hidden=\"true\" class=\"icon icon-bamboo-Leaf\"><\/i>\t\t\t\t<\/span>\n\t\t\t<\/div>\n\t\t\t\n\t\t\t\t\t\t<div class=\"elementor-icon-box-content\">\n\n\t\t\t\t\t\t\t\t\t<div class=\"elementor-icon-box-title\">\n\t\t\t\t\t\t<span  >\n\t\t\t\t\t\t\tEtkili Kovucu\t\t\t\t\t\t<\/span>\n\t\t\t\t\t<\/div>\n\t\t\t\t\n\t\t\t\t\t\t\t\t\t<p class=\"elementor-icon-box-description\">\n\t\t\t\t\t\tZararl\u0131 b\u00f6cekleri alan\u0131n\u0131zdan uzak tutun. Sar\u0131 renk ve \u00f6zel kokusu ile istenmeyen b\u00f6ceklere kar\u015f\u0131 g\u00fc\u00e7l\u00fc bir bariyer olu\u015fturur.\t\t\t\t\t<\/p>\n\t\t\t\t\n\t\t\t<\/div>\n\t\t\t\n\t\t<\/div>\n\t\t\t\t\t\t<\/div>\n\t\t\t\t<\/div>\n\t\t\t\t\t<\/div>\n\t\t<\/div>\n\t\t\t\t<div class=\"elementor-column elementor-col-33 elementor-inner-column elementor-element elementor-element-60c4732e\" data-id=\"60c4732e\" data-element_type=\"column\" data-e-type=\"column\">\n\t\t\t<div class=\"elementor-widget-wrap elementor-element-populated\">\n\t\t\t\t\t\t<div class=\"elementor-element elementor-element-3c1959b elementor-view-framed elementor-position-inline-start elementor-tablet-position-block-start elementor-mobile-position-inline-start elementor-shape-circle elementor-widget elementor-widget-icon-box\" data-id=\"3c1959b\" data-element_type=\"widget\" data-e-type=\"widget\" data-widget_type=\"icon-box.default\">\n\t\t\t\t<div class=\"elementor-widget-container\">\n\t\t\t\t\t\t\t<div class=\"elementor-icon-box-wrapper\">\n\n\t\t\t\t\t\t<div class=\"elementor-icon-box-icon\">\n\t\t\t\t<span  class=\"elementor-icon\">\n\t\t\t\t<i aria-hidden=\"true\" class=\"icon icon-graph-2\"><\/i>\t\t\t\t<\/span>\n\t\t\t<\/div>\n\t\t\t\n\t\t\t\t\t\t<div class=\"elementor-icon-box-content\">\n\n\t\t\t\t\t\t\t\t\t<div class=\"elementor-icon-box-title\">\n\t\t\t\t\t\t<span  >\n\t\t\t\t\t\t\tGeli\u015fmi\u015f Hijyen\t\t\t\t\t\t<\/span>\n\t\t\t\t\t<\/div>\n\t\t\t\t\n\t\t\t\t\t\t\t\t\t<p class=\"elementor-icon-box-description\">\n\t\t\t\t\t\tB\u00f6cekler, belirli ortamlarda \u00f6zellikle endi\u015fe verici olabilen bakteri ta\u015f\u0131yabilir. \u015eerit levhalar, daha temiz ve daha hijyenik bir d\u0131\u015f ortam sa\u011flayarak ek bir g\u00fcvenlik katman\u0131 g\u00f6revi g\u00f6r\u00fcr.\t\t\t\t\t<\/p>\n\t\t\t\t\n\t\t\t<\/div>\n\t\t\t\n\t\t<\/div>\n\t\t\t\t\t\t<\/div>\n\t\t\t\t<\/div>\n\t\t\t\t\t<\/div>\n\t\t<\/div>\n\t\t\t\t<div class=\"elementor-column elementor-col-33 elementor-inner-column elementor-element elementor-element-6f15a01b\" data-id=\"6f15a01b\" data-element_type=\"column\" data-e-type=\"column\">\n\t\t\t<div class=\"elementor-widget-wrap elementor-element-populated\">\n\t\t\t\t\t\t<div class=\"elementor-element elementor-element-1ccce784 elementor-view-framed elementor-position-inline-start elementor-tablet-position-block-start elementor-mobile-position-inline-start elementor-shape-circle elementor-widget elementor-widget-icon-box\" data-id=\"1ccce784\" data-element_type=\"widget\" data-e-type=\"widget\" data-widget_type=\"icon-box.default\">\n\t\t\t\t<div class=\"elementor-widget-container\">\n\t\t\t\t\t\t\t<div class=\"elementor-icon-box-wrapper\">\n\n\t\t\t\t\t\t<div class=\"elementor-icon-box-icon\">\n\t\t\t\t<span  class=\"elementor-icon\">\n\t\t\t\t<i aria-hidden=\"true\" class=\"fab fa-battle-net\"><\/i>\t\t\t\t<\/span>\n\t\t\t<\/div>\n\t\t\t\n\t\t\t\t\t\t<div class=\"elementor-icon-box-content\">\n\n\t\t\t\t\t\t\t\t\t<div class=\"elementor-icon-box-title\">\n\t\t\t\t\t\t<span  >\n\t\t\t\t\t\t\t\u00c7ok Y\u00f6nl\u00fc Uygulama\t\t\t\t\t\t<\/span>\n\t\t\t\t\t<\/div>\n\t\t\t\t\n\t\t\t\t\t\t\t\t\t<p class=\"elementor-icon-box-description\">\n\t\t\t\t\t\tDepolar, kafeler, barlar ve restoranlar gibi temizli\u011fin korunmas\u0131n\u0131n ve m\u00fc\u015fteri memnuniyetinin en \u00f6nemli \u00f6ncelik oldu\u011fu \u00e7e\u015fitli d\u0131\u015f mekan kurulu\u015flar\u0131 i\u00e7in idealdir. \t\t\t\t\t<\/p>\n\t\t\t\t\n\t\t\t<\/div>\n\t\t\t\n\t\t<\/div>\n\t\t\t\t\t\t<\/div>\n\t\t\t\t<\/div>\n\t\t\t\t\t<\/div>\n\t\t<\/div>\n\t\t\t\t\t<\/div>\n\t\t<\/section>\n\t\t\t\t<section class=\"elementor-section elementor-inner-section elementor-element elementor-element-7bede791 elementor-section-boxed elementor-section-height-default elementor-section-height-default elementor-invisible\" data-id=\"7bede791\" data-element_type=\"section\" data-e-type=\"section\" data-settings=\"{&quot;animation&quot;:&quot;fadeIn&quot;,&quot;animation_delay&quot;:300}\">\n\t\t\t\t\t\t<div class=\"elementor-container elementor-column-gap-default\">\n\t\t\t\t\t<div class=\"elementor-column elementor-col-33 elementor-inner-column elementor-element elementor-element-2521c961\" data-id=\"2521c961\" data-element_type=\"column\" data-e-type=\"column\">\n\t\t\t<div class=\"elementor-widget-wrap elementor-element-populated\">\n\t\t\t\t\t\t<div class=\"elementor-element elementor-element-38f731da elementor-view-framed elementor-position-inline-start elementor-tablet-position-block-start elementor-mobile-position-inline-start elementor-shape-circle elementor-widget elementor-widget-icon-box\" data-id=\"38f731da\" data-element_type=\"widget\" data-e-type=\"widget\" data-widget_type=\"icon-box.default\">\n\t\t\t\t<div class=\"elementor-widget-container\">\n\t\t\t\t\t\t\t<div class=\"elementor-icon-box-wrapper\">\n\n\t\t\t\t\t\t<div class=\"elementor-icon-box-icon\">\n\t\t\t\t<span  class=\"elementor-icon\">\n\t\t\t\t<i aria-hidden=\"true\" class=\"fas fa-shield-virus\"><\/i>\t\t\t\t<\/span>\n\t\t\t<\/div>\n\t\t\t\n\t\t\t\t\t\t<div class=\"elementor-icon-box-content\">\n\n\t\t\t\t\t\t\t\t\t<div class=\"elementor-icon-box-title\">\n\t\t\t\t\t\t<span  >\n\t\t\t\t\t\t\tGeli\u015fmi\u015f B\u00f6cek Kontrol\u00fc\t\t\t\t\t\t<\/span>\n\t\t\t\t\t<\/div>\n\t\t\t\t\n\t\t\t\t\t\t\t\t\t<p class=\"elementor-icon-box-description\">\n\t\t\t\t\t\t\u015eeridimiz basit bir kovuculu\u011fun \u00f6tesine ge\u00e7er. Sivrisinekleri temas halinde aktif olarak ortadan kald\u0131r\u0131r, bu da onu okullar ve hastaneler de dahil olmak \u00fczere \u00e7e\u015fitli ortamlar i\u00e7in ak\u0131ll\u0131ca bir se\u00e7im haline getirir.\t\t\t\t\t<\/p>\n\t\t\t\t\n\t\t\t<\/div>\n\t\t\t\n\t\t<\/div>\n\t\t\t\t\t\t<\/div>\n\t\t\t\t<\/div>\n\t\t\t\t\t<\/div>\n\t\t<\/div>\n\t\t\t\t<div class=\"elementor-column elementor-col-33 elementor-inner-column elementor-element elementor-element-3aa29085\" data-id=\"3aa29085\" data-element_type=\"column\" data-e-type=\"column\">\n\t\t\t<div class=\"elementor-widget-wrap\">\n\t\t\t\t\t\t\t<\/div>\n\t\t<\/div>\n\t\t\t\t<div class=\"elementor-column elementor-col-33 elementor-inner-column elementor-element elementor-element-2bc9ad4f\" data-id=\"2bc9ad4f\" data-element_type=\"column\" data-e-type=\"column\">\n\t\t\t<div class=\"elementor-widget-wrap\">\n\t\t\t\t\t\t\t<\/div>\n\t\t<\/div>\n\t\t\t\t\t<\/div>\n\t\t<\/section>\n\t\t\t\t\t<\/div>\n\t\t<\/div>\n\t\t\t\t\t<\/div>\n\t\t<\/section>\n\t\t\t\t<\/div>\n\t\t","protected":false},"excerpt":{"rendered":"<p>Havadaki zararl\u0131lar\u0131 uzakla\u015ft\u0131r\u0131rken dost canl\u0131s\u0131 bir ortam sa\u011flayan Anti-B\u00f6cek Sar\u0131 Yumu\u015fak PVC \u015eerit &amp; Levha, zararl\u0131lardan uzak ortamlar\u0131n tad\u0131n\u0131 \u00e7\u0131kar\u0131n. Bu hassas bir \u015fekilde haz\u0131rlanm\u0131\u015f yar\u0131 saydam sar\u0131 yumu\u015fak pvc \u015ferit levha \u00fcr\u00fcn\u00fc ar\u0131lar\u0131, sinekleri ve di\u011fer b\u00f6cekleri uzak tutma yetene\u011fiyle bilinen do\u011fal bir b\u00f6cek kovucu olan \u00f6zel bir kokuya ve renge sahiptir. Faydalar\u0131 Etkili [&hellip;]<\/p>\n","protected":false},"author":1,"featured_media":0,"parent":3312,"menu_order":0,"comment_status":"closed","ping_status":"closed","template":"","meta":{"om_disable_all_campaigns":false,"_uf_show_specific_survey":0,"_uf_disable_surveys":false,"footnotes":""},"class_list":["post-3316","page","type-page","status-publish","hentry"],"aioseo_notices":[],"yoast_head":"<!-- This site is optimized with the Yoast SEO plugin v27.5 - https:\/\/yoast.com\/product\/yoast-seo-wordpress\/ -->\n<title>B\u00f6cek \u00d6nleyici Sar\u0131 PVC \u015eerit &amp; Levha - Soft PVC<\/title>\n<meta name=\"robots\" content=\"index, follow, max-snippet:-1, max-image-preview:large, max-video-preview:-1\" \/>\n<link rel=\"canonical\" href=\"https:\/\/www.portexsa.com.tr\/products\/anti-insect-yellow-strip\/\" \/>\n<meta property=\"og:locale\" content=\"tr_TR\" \/>\n<meta property=\"og:type\" content=\"article\" \/>\n<meta property=\"og:title\" content=\"B\u00f6cek \u00d6nleyici Sar\u0131 PVC \u015eerit &amp; Levha - Soft PVC\" \/>\n<meta property=\"og:description\" content=\"Havadaki zararl\u0131lar\u0131 uzakla\u015ft\u0131r\u0131rken dost canl\u0131s\u0131 bir ortam sa\u011flayan Anti-B\u00f6cek Sar\u0131 Yumu\u015fak PVC \u015eerit &amp; Levha, zararl\u0131lardan uzak ortamlar\u0131n tad\u0131n\u0131 \u00e7\u0131kar\u0131n. Bu hassas bir \u015fekilde haz\u0131rlanm\u0131\u015f yar\u0131 saydam sar\u0131 yumu\u015fak pvc \u015ferit levha \u00fcr\u00fcn\u00fc ar\u0131lar\u0131, sinekleri ve di\u011fer b\u00f6cekleri uzak tutma yetene\u011fiyle bilinen do\u011fal bir b\u00f6cek kovucu olan \u00f6zel bir kokuya ve renge sahiptir. Faydalar\u0131 Etkili [&hellip;]\" \/>\n<meta property=\"og:url\" content=\"https:\/\/www.portexsa.com.tr\/products\/anti-insect-yellow-strip\/\" \/>\n<meta property=\"og:site_name\" content=\"Soft PVC\" \/>\n<meta property=\"article:modified_time\" content=\"2024-12-04T14:13:19+00:00\" \/>\n<meta property=\"og:image\" content=\"https:\/\/www.portexsa.com.tr\/wp-content\/uploads\/2023\/08\/anti-insect.jpg\" \/>\n<meta name=\"twitter:card\" content=\"summary_large_image\" \/>\n<meta name=\"twitter:label1\" content=\"Tahmini okuma s\u00fcresi\" \/>\n\t<meta name=\"twitter:data1\" content=\"1 dakika\" \/>\n<script type=\"application\/ld+json\" class=\"yoast-schema-graph\">{\"@context\":\"https:\\\/\\\/schema.org\",\"@graph\":[{\"@type\":\"WebPage\",\"@id\":\"https:\\\/\\\/www.portexsa.com.tr\\\/products\\\/anti-insect-yellow-strip\\\/\",\"url\":\"https:\\\/\\\/www.portexsa.com.tr\\\/products\\\/anti-insect-yellow-strip\\\/\",\"name\":\"B\u00f6cek \u00d6nleyici Sar\u0131 PVC \u015eerit & Levha - Soft PVC\",\"isPartOf\":{\"@id\":\"https:\\\/\\\/www.portexsa.com.tr\\\/#website\"},\"primaryImageOfPage\":{\"@id\":\"https:\\\/\\\/www.portexsa.com.tr\\\/products\\\/anti-insect-yellow-strip\\\/#primaryimage\"},\"image\":{\"@id\":\"https:\\\/\\\/www.portexsa.com.tr\\\/products\\\/anti-insect-yellow-strip\\\/#primaryimage\"},\"thumbnailUrl\":\"https:\\\/\\\/www.portexsa.com.tr\\\/wp-content\\\/uploads\\\/2023\\\/08\\\/anti-insect.jpg\",\"datePublished\":\"2023-08-22T16:56:38+00:00\",\"dateModified\":\"2024-12-04T14:13:19+00:00\",\"breadcrumb\":{\"@id\":\"https:\\\/\\\/www.portexsa.com.tr\\\/products\\\/anti-insect-yellow-strip\\\/#breadcrumb\"},\"inLanguage\":\"tr\",\"potentialAction\":[{\"@type\":\"ReadAction\",\"target\":[\"https:\\\/\\\/www.portexsa.com.tr\\\/products\\\/anti-insect-yellow-strip\\\/\"]}]},{\"@type\":\"ImageObject\",\"inLanguage\":\"tr\",\"@id\":\"https:\\\/\\\/www.portexsa.com.tr\\\/products\\\/anti-insect-yellow-strip\\\/#primaryimage\",\"url\":\"https:\\\/\\\/www.portexsa.com.tr\\\/wp-content\\\/uploads\\\/2023\\\/08\\\/anti-insect.jpg\",\"contentUrl\":\"https:\\\/\\\/www.portexsa.com.tr\\\/wp-content\\\/uploads\\\/2023\\\/08\\\/anti-insect.jpg\"},{\"@type\":\"BreadcrumbList\",\"@id\":\"https:\\\/\\\/www.portexsa.com.tr\\\/products\\\/anti-insect-yellow-strip\\\/#breadcrumb\",\"itemListElement\":[{\"@type\":\"ListItem\",\"position\":1,\"name\":\"Home\",\"item\":\"https:\\\/\\\/www.portexsa.com.tr\\\/tr\\\/\"},{\"@type\":\"ListItem\",\"position\":2,\"name\":\"\u00dcr\u00fcnlerimiz\",\"item\":\"https:\\\/\\\/www.portexsa.com.tr\\\/products\\\/\"},{\"@type\":\"ListItem\",\"position\":3,\"name\":\"B\u00f6cek \u00d6nleyici Sar\u0131 PVC \u015eerit &#038; Levha\"}]},{\"@type\":\"WebSite\",\"@id\":\"https:\\\/\\\/www.portexsa.com.tr\\\/#website\",\"url\":\"https:\\\/\\\/www.portexsa.com.tr\\\/\",\"name\":\"Portexsa Soft PVC\",\"description\":\"Portexsa Soft Pvc\",\"publisher\":{\"@id\":\"https:\\\/\\\/www.portexsa.com.tr\\\/#organization\"},\"potentialAction\":[{\"@type\":\"SearchAction\",\"target\":{\"@type\":\"EntryPoint\",\"urlTemplate\":\"https:\\\/\\\/www.portexsa.com.tr\\\/?s={search_term_string}\"},\"query-input\":{\"@type\":\"PropertyValueSpecification\",\"valueRequired\":true,\"valueName\":\"search_term_string\"}}],\"inLanguage\":\"tr\"},{\"@type\":\"Organization\",\"@id\":\"https:\\\/\\\/www.portexsa.com.tr\\\/#organization\",\"name\":\"Soft PVC Curtain Strip\",\"url\":\"https:\\\/\\\/www.portexsa.com.tr\\\/\",\"logo\":{\"@type\":\"ImageObject\",\"inLanguage\":\"tr\",\"@id\":\"https:\\\/\\\/www.portexsa.com.tr\\\/#\\\/schema\\\/logo\\\/image\\\/\",\"url\":\"https:\\\/\\\/www.portexsa.com.tr\\\/wp-content\\\/uploads\\\/2024\\\/11\\\/logo-new-1.png\",\"contentUrl\":\"https:\\\/\\\/www.portexsa.com.tr\\\/wp-content\\\/uploads\\\/2024\\\/11\\\/logo-new-1.png\",\"width\":280,\"height\":82,\"caption\":\"Soft PVC Curtain Strip\"},\"image\":{\"@id\":\"https:\\\/\\\/www.portexsa.com.tr\\\/#\\\/schema\\\/logo\\\/image\\\/\"}}]}<\/script>\n<!-- \/ Yoast SEO plugin. -->","yoast_head_json":{"title":"B\u00f6cek \u00d6nleyici Sar\u0131 PVC \u015eerit & Levha - Soft PVC","robots":{"index":"index","follow":"follow","max-snippet":"max-snippet:-1","max-image-preview":"max-image-preview:large","max-video-preview":"max-video-preview:-1"},"canonical":"https:\/\/www.portexsa.com.tr\/products\/anti-insect-yellow-strip\/","og_locale":"tr_TR","og_type":"article","og_title":"B\u00f6cek \u00d6nleyici Sar\u0131 PVC \u015eerit & Levha - Soft PVC","og_description":"Havadaki zararl\u0131lar\u0131 uzakla\u015ft\u0131r\u0131rken dost canl\u0131s\u0131 bir ortam sa\u011flayan Anti-B\u00f6cek Sar\u0131 Yumu\u015fak PVC \u015eerit &amp; Levha, zararl\u0131lardan uzak ortamlar\u0131n tad\u0131n\u0131 \u00e7\u0131kar\u0131n. Bu hassas bir \u015fekilde haz\u0131rlanm\u0131\u015f yar\u0131 saydam sar\u0131 yumu\u015fak pvc \u015ferit levha \u00fcr\u00fcn\u00fc ar\u0131lar\u0131, sinekleri ve di\u011fer b\u00f6cekleri uzak tutma yetene\u011fiyle bilinen do\u011fal bir b\u00f6cek kovucu olan \u00f6zel bir kokuya ve renge sahiptir. Faydalar\u0131 Etkili [&hellip;]","og_url":"https:\/\/www.portexsa.com.tr\/products\/anti-insect-yellow-strip\/","og_site_name":"Soft PVC","article_modified_time":"2024-12-04T14:13:19+00:00","og_image":[{"url":"https:\/\/www.portexsa.com.tr\/wp-content\/uploads\/2023\/08\/anti-insect.jpg","type":"","width":"","height":""}],"twitter_card":"summary_large_image","twitter_misc":{"Tahmini okuma s\u00fcresi":"1 dakika"},"schema":{"@context":"https:\/\/schema.org","@graph":[{"@type":"WebPage","@id":"https:\/\/www.portexsa.com.tr\/products\/anti-insect-yellow-strip\/","url":"https:\/\/www.portexsa.com.tr\/products\/anti-insect-yellow-strip\/","name":"B\u00f6cek \u00d6nleyici Sar\u0131 PVC \u015eerit & Levha - Soft PVC","isPartOf":{"@id":"https:\/\/www.portexsa.com.tr\/#website"},"primaryImageOfPage":{"@id":"https:\/\/www.portexsa.com.tr\/products\/anti-insect-yellow-strip\/#primaryimage"},"image":{"@id":"https:\/\/www.portexsa.com.tr\/products\/anti-insect-yellow-strip\/#primaryimage"},"thumbnailUrl":"https:\/\/www.portexsa.com.tr\/wp-content\/uploads\/2023\/08\/anti-insect.jpg","datePublished":"2023-08-22T16:56:38+00:00","dateModified":"2024-12-04T14:13:19+00:00","breadcrumb":{"@id":"https:\/\/www.portexsa.com.tr\/products\/anti-insect-yellow-strip\/#breadcrumb"},"inLanguage":"tr","potentialAction":[{"@type":"ReadAction","target":["https:\/\/www.portexsa.com.tr\/products\/anti-insect-yellow-strip\/"]}]},{"@type":"ImageObject","inLanguage":"tr","@id":"https:\/\/www.portexsa.com.tr\/products\/anti-insect-yellow-strip\/#primaryimage","url":"https:\/\/www.portexsa.com.tr\/wp-content\/uploads\/2023\/08\/anti-insect.jpg","contentUrl":"https:\/\/www.portexsa.com.tr\/wp-content\/uploads\/2023\/08\/anti-insect.jpg"},{"@type":"BreadcrumbList","@id":"https:\/\/www.portexsa.com.tr\/products\/anti-insect-yellow-strip\/#breadcrumb","itemListElement":[{"@type":"ListItem","position":1,"name":"Home","item":"https:\/\/www.portexsa.com.tr\/tr\/"},{"@type":"ListItem","position":2,"name":"\u00dcr\u00fcnlerimiz","item":"https:\/\/www.portexsa.com.tr\/products\/"},{"@type":"ListItem","position":3,"name":"B\u00f6cek \u00d6nleyici Sar\u0131 PVC \u015eerit &#038; Levha"}]},{"@type":"WebSite","@id":"https:\/\/www.portexsa.com.tr\/#website","url":"https:\/\/www.portexsa.com.tr\/","name":"Portexsa Soft PVC","description":"Portexsa Soft Pvc","publisher":{"@id":"https:\/\/www.portexsa.com.tr\/#organization"},"potentialAction":[{"@type":"SearchAction","target":{"@type":"EntryPoint","urlTemplate":"https:\/\/www.portexsa.com.tr\/?s={search_term_string}"},"query-input":{"@type":"PropertyValueSpecification","valueRequired":true,"valueName":"search_term_string"}}],"inLanguage":"tr"},{"@type":"Organization","@id":"https:\/\/www.portexsa.com.tr\/#organization","name":"Soft PVC Curtain Strip","url":"https:\/\/www.portexsa.com.tr\/","logo":{"@type":"ImageObject","inLanguage":"tr","@id":"https:\/\/www.portexsa.com.tr\/#\/schema\/logo\/image\/","url":"https:\/\/www.portexsa.com.tr\/wp-content\/uploads\/2024\/11\/logo-new-1.png","contentUrl":"https:\/\/www.portexsa.com.tr\/wp-content\/uploads\/2024\/11\/logo-new-1.png","width":280,"height":82,"caption":"Soft PVC Curtain Strip"},"image":{"@id":"https:\/\/www.portexsa.com.tr\/#\/schema\/logo\/image\/"}}]}},"_links":{"self":[{"href":"https:\/\/www.portexsa.com.tr\/tr\/wp-json\/wp\/v2\/pages\/3316","targetHints":{"allow":["GET"]}}],"collection":[{"href":"https:\/\/www.portexsa.com.tr\/tr\/wp-json\/wp\/v2\/pages"}],"about":[{"href":"https:\/\/www.portexsa.com.tr\/tr\/wp-json\/wp\/v2\/types\/page"}],"author":[{"embeddable":true,"href":"https:\/\/www.portexsa.com.tr\/tr\/wp-json\/wp\/v2\/users\/1"}],"replies":[{"embeddable":true,"href":"https:\/\/www.portexsa.com.tr\/tr\/wp-json\/wp\/v2\/comments?post=3316"}],"version-history":[{"count":3,"href":"https:\/\/www.portexsa.com.tr\/tr\/wp-json\/wp\/v2\/pages\/3316\/revisions"}],"predecessor-version":[{"id":3400,"href":"https:\/\/www.portexsa.com.tr\/tr\/wp-json\/wp\/v2\/pages\/3316\/revisions\/3400"}],"up":[{"embeddable":true,"href":"https:\/\/www.portexsa.com.tr\/tr\/wp-json\/wp\/v2\/pages\/3312"}],"wp:attachment":[{"href":"https:\/\/www.portexsa.com.tr\/tr\/wp-json\/wp\/v2\/media?parent=3316"}],"curies":[{"name":"wp","href":"https:\/\/api.w.org\/{rel}","templated":true}]}}