{"id":1232,"date":"2023-08-22T17:26:08","date_gmt":"2023-08-22T17:26:08","guid":{"rendered":"https:\/\/portexsa.com.tr\/?page_id=1232"},"modified":"2023-08-28T11:29:49","modified_gmt":"2023-08-28T11:29:49","slug":"bande-de-rideau-transparent-polaire","status":"publish","type":"page","link":"https:\/\/www.portexsa.com.tr\/fr\/produits\/bande-de-rideau-transparent-polaire\/","title":{"rendered":"Bande de rideau transparent polaire"},"content":{"rendered":"\t\t<div data-elementor-type=\"wp-page\" data-elementor-id=\"1232\" class=\"elementor elementor-1232 elementor-433\" data-elementor-post-type=\"page\">\n\t\t\t\t\t\t<section class=\"elementor-section elementor-top-section elementor-element elementor-element-8927b2c elementor-section-content-middle elementor-section-boxed elementor-section-height-default elementor-section-height-default\" data-id=\"8927b2c\" data-element_type=\"section\" data-e-type=\"section\" data-settings=\"{&quot;background_background&quot;:&quot;classic&quot;}\">\n\t\t\t\t\t\t\t<div class=\"elementor-background-overlay\"><\/div>\n\t\t\t\t\t\t\t<div class=\"elementor-container elementor-column-gap-default\">\n\t\t\t\t\t<div class=\"elementor-column elementor-col-50 elementor-top-column elementor-element elementor-element-3583fab\" data-id=\"3583fab\" data-element_type=\"column\" data-e-type=\"column\">\n\t\t\t<div class=\"elementor-widget-wrap elementor-element-populated\">\n\t\t\t\t\t\t<div class=\"elementor-element elementor-element-f7e1a49 elementor-invisible elementor-widget elementor-widget-heading\" data-id=\"f7e1a49\" data-element_type=\"widget\" data-e-type=\"widget\" data-settings=\"{&quot;_animation&quot;:&quot;fadeInUp&quot;}\" data-widget_type=\"heading.default\">\n\t\t\t\t<div class=\"elementor-widget-container\">\n\t\t\t\t\t<h1 class=\"elementor-heading-title elementor-size-default\">Bande de rideau transparent polaire<\/h1>\t\t\t\t<\/div>\n\t\t\t\t<\/div>\n\t\t\t\t<div class=\"elementor-element elementor-element-a7a1519 elementor-widget elementor-widget-text-editor\" data-id=\"a7a1519\" data-element_type=\"widget\" data-e-type=\"widget\" data-widget_type=\"text-editor.default\">\n\t\t\t\t<div class=\"elementor-widget-container\">\n\t\t\t\t\t\t\t\t\tCes bandes isolantes puissantes, con\u00e7ues pour les situations de basse temp\u00e9rature, maintiennent une atmosph\u00e8re contr\u00f4l\u00e9e tout en maximisant l\u2019utilisation de l\u2019\u00e9nergie. Elles sont fabriqu\u00e9es avec pr\u00e9cision ; le tissu PVC souple non poreux garantit une surface lisse qui r\u00e9siste \u00e0 l\u2019accumulation de bact\u00e9ries, respectant ainsi des normes d\u2019hygi\u00e8ne irr\u00e9prochables.\n\t\t\t\t\t\t\t\t<\/div>\n\t\t\t\t<\/div>\n\t\t\t\t\t<\/div>\n\t\t<\/div>\n\t\t\t\t<div class=\"elementor-column elementor-col-50 elementor-top-column elementor-element elementor-element-23b5a4c\" data-id=\"23b5a4c\" data-element_type=\"column\" data-e-type=\"column\">\n\t\t\t<div class=\"elementor-widget-wrap elementor-element-populated\">\n\t\t\t\t\t\t<div class=\"elementor-element elementor-element-4466f15 elementor-widget elementor-widget-image-carousel\" data-id=\"4466f15\" data-element_type=\"widget\" data-e-type=\"widget\" data-settings=\"{&quot;slides_to_show&quot;:&quot;1&quot;,&quot;navigation&quot;:&quot;none&quot;,&quot;autoplay_speed&quot;:4000,&quot;effect&quot;:&quot;fade&quot;,&quot;autoplay&quot;:&quot;yes&quot;,&quot;pause_on_hover&quot;:&quot;yes&quot;,&quot;pause_on_interaction&quot;:&quot;yes&quot;,&quot;infinite&quot;:&quot;yes&quot;,&quot;speed&quot;:500}\" data-widget_type=\"image-carousel.default\">\n\t\t\t\t<div class=\"elementor-widget-container\">\n\t\t\t\t\t\t\t<div class=\"elementor-image-carousel-wrapper swiper\" role=\"region\" aria-roledescription=\"carousel\" aria-label=\"Carrousel d\u2019images\" dir=\"ltr\">\n\t\t\t<div class=\"elementor-image-carousel swiper-wrapper\" aria-live=\"off\">\n\t\t\t\t\t\t\t\t<div class=\"swiper-slide\" role=\"group\" aria-roledescription=\"slide\" aria-label=\"1 sur 2\"><figure class=\"swiper-slide-inner\"><img decoding=\"async\" class=\"swiper-slide-image\" src=\"https:\/\/www.portexsa.com.tr\/wp-content\/smush-webp\/2023\/08\/Polar-clear.jpg.webp\" alt=\"Polar-clear\" loading=\"lazy\" \/><\/figure><\/div><div class=\"swiper-slide\" role=\"group\" aria-roledescription=\"slide\" aria-label=\"2 sur 2\"><figure class=\"swiper-slide-inner\"><img decoding=\"async\" class=\"swiper-slide-image\" src=\"https:\/\/www.portexsa.com.tr\/wp-content\/smush-webp\/2023\/08\/Polar-clear-2.jpg.webp\" alt=\"Polar-clear-2\" loading=\"lazy\" \/><\/figure><\/div>\t\t\t<\/div>\n\t\t\t\t\t\t\t\n\t\t\t\t\t\t\t\t\t<\/div>\n\t\t\t\t\t\t<\/div>\n\t\t\t\t<\/div>\n\t\t\t\t\t<\/div>\n\t\t<\/div>\n\t\t\t\t\t<\/div>\n\t\t<\/section>\n\t\t\t\t<section class=\"elementor-section elementor-top-section elementor-element elementor-element-129004 elementor-section-boxed elementor-section-height-default elementor-section-height-default\" data-id=\"129004\" data-element_type=\"section\" data-e-type=\"section\" data-settings=\"{&quot;background_background&quot;:&quot;classic&quot;}\">\n\t\t\t\t\t\t\t<div class=\"elementor-background-overlay\"><\/div>\n\t\t\t\t\t\t\t<div class=\"elementor-container elementor-column-gap-default\">\n\t\t\t\t\t<div class=\"elementor-column elementor-col-100 elementor-top-column elementor-element elementor-element-1c9b2724\" data-id=\"1c9b2724\" data-element_type=\"column\" data-e-type=\"column\">\n\t\t\t<div class=\"elementor-widget-wrap elementor-element-populated\">\n\t\t\t\t\t\t<section class=\"elementor-section elementor-inner-section elementor-element elementor-element-18089e6e elementor-section-boxed elementor-section-height-default elementor-section-height-default\" data-id=\"18089e6e\" data-element_type=\"section\" data-e-type=\"section\">\n\t\t\t\t\t\t<div class=\"elementor-container elementor-column-gap-default\">\n\t\t\t\t\t<div class=\"elementor-column elementor-col-100 elementor-inner-column elementor-element elementor-element-4cd54312 elementor-invisible\" data-id=\"4cd54312\" data-element_type=\"column\" data-e-type=\"column\" data-settings=\"{&quot;animation&quot;:&quot;fadeInUp&quot;}\">\n\t\t\t<div class=\"elementor-widget-wrap elementor-element-populated\">\n\t\t\t\t\t\t<div class=\"elementor-element elementor-element-5d16f3d3 elementor-widget elementor-widget-heading\" data-id=\"5d16f3d3\" data-element_type=\"widget\" data-e-type=\"widget\" data-widget_type=\"heading.default\">\n\t\t\t\t<div class=\"elementor-widget-container\">\n\t\t\t\t\t<h2 class=\"elementor-heading-title elementor-size-default\">Avantages<\/h2>\t\t\t\t<\/div>\n\t\t\t\t<\/div>\n\t\t\t\t\t<\/div>\n\t\t<\/div>\n\t\t\t\t\t<\/div>\n\t\t<\/section>\n\t\t\t\t<section class=\"elementor-section elementor-inner-section elementor-element elementor-element-70bc2a64 elementor-section-boxed elementor-section-height-default elementor-section-height-default elementor-invisible\" data-id=\"70bc2a64\" data-element_type=\"section\" data-e-type=\"section\" data-settings=\"{&quot;animation&quot;:&quot;fadeIn&quot;,&quot;animation_delay&quot;:200}\">\n\t\t\t\t\t\t<div class=\"elementor-container elementor-column-gap-default\">\n\t\t\t\t\t<div class=\"elementor-column elementor-col-33 elementor-inner-column elementor-element elementor-element-4038ec89\" data-id=\"4038ec89\" data-element_type=\"column\" data-e-type=\"column\">\n\t\t\t<div class=\"elementor-widget-wrap elementor-element-populated\">\n\t\t\t\t\t\t<div class=\"elementor-element elementor-element-5ce1f835 elementor-view-framed elementor-position-inline-start elementor-tablet-position-block-start elementor-mobile-position-inline-start elementor-shape-circle elementor-widget elementor-widget-icon-box\" data-id=\"5ce1f835\" data-element_type=\"widget\" data-e-type=\"widget\" data-widget_type=\"icon-box.default\">\n\t\t\t\t<div class=\"elementor-widget-container\">\n\t\t\t\t\t\t\t<div class=\"elementor-icon-box-wrapper\">\n\n\t\t\t\t\t\t<div class=\"elementor-icon-box-icon\">\n\t\t\t\t<span  class=\"elementor-icon\">\n\t\t\t\t<i aria-hidden=\"true\" class=\"icon icon-clock-1\"><\/i>\t\t\t\t<\/span>\n\t\t\t<\/div>\n\t\t\t\n\t\t\t\t\t\t<div class=\"elementor-icon-box-content\">\n\n\t\t\t\t\t\t\t\t\t<div class=\"elementor-icon-box-title\">\n\t\t\t\t\t\t<span  >\n\t\t\t\t\t\t\tPlus grande efficacit\u00e9 \t\t\t\t\t\t<\/span>\n\t\t\t\t\t<\/div>\n\t\t\t\t\n\t\t\t\t\t\t\t\t\t<p class=\"elementor-icon-box-description\">\n\t\t\t\t\t\tNos bandes de rideau en PVC souple transparent polaire cr\u00e9ent une barri\u00e8re qui retient l\u2019air froid, garantissant une perte d\u2019\u00e9nergie minimale et une r\u00e9duction des co\u00fbts d\u2019exploitation.\u00a0\n\t\t\t\t\t<\/p>\n\t\t\t\t\n\t\t\t<\/div>\n\t\t\t\n\t\t<\/div>\n\t\t\t\t\t\t<\/div>\n\t\t\t\t<\/div>\n\t\t\t\t\t<\/div>\n\t\t<\/div>\n\t\t\t\t<div class=\"elementor-column elementor-col-33 elementor-inner-column elementor-element elementor-element-60c4732e\" data-id=\"60c4732e\" data-element_type=\"column\" data-e-type=\"column\">\n\t\t\t<div class=\"elementor-widget-wrap elementor-element-populated\">\n\t\t\t\t\t\t<div class=\"elementor-element elementor-element-3c1959b elementor-view-framed elementor-position-inline-start elementor-tablet-position-block-start elementor-mobile-position-inline-start elementor-shape-circle elementor-widget elementor-widget-icon-box\" data-id=\"3c1959b\" data-element_type=\"widget\" data-e-type=\"widget\" data-widget_type=\"icon-box.default\">\n\t\t\t\t<div class=\"elementor-widget-container\">\n\t\t\t\t\t\t\t<div class=\"elementor-icon-box-wrapper\">\n\n\t\t\t\t\t\t<div class=\"elementor-icon-box-icon\">\n\t\t\t\t<span  class=\"elementor-icon\">\n\t\t\t\t<i aria-hidden=\"true\" class=\"icon icon-mirror\"><\/i>\t\t\t\t<\/span>\n\t\t\t<\/div>\n\t\t\t\n\t\t\t\t\t\t<div class=\"elementor-icon-box-content\">\n\n\t\t\t\t\t\t\t\t\t<div class=\"elementor-icon-box-title\">\n\t\t\t\t\t\t<span  >\n\t\t\t\t\t\t\tClart\u00e9 in\u00e9gal\u00e9e \t\t\t\t\t\t<\/span>\n\t\t\t\t\t<\/div>\n\t\t\t\t\n\t\t\t\t\t\t\t\t\t<p class=\"elementor-icon-box-description\">\n\t\t\t\t\t\tD\u2019une clart\u00e9 exceptionnelle, ces bandes offrent une visibilit\u00e9 claire, permettant un passage sans obstacle pour les personnes, les v\u00e9hicules et les marchandises, ce qui rationalise les op\u00e9rations.\n\t\t\t\t\t<\/p>\n\t\t\t\t\n\t\t\t<\/div>\n\t\t\t\n\t\t<\/div>\n\t\t\t\t\t\t<\/div>\n\t\t\t\t<\/div>\n\t\t\t\t\t<\/div>\n\t\t<\/div>\n\t\t\t\t<div class=\"elementor-column elementor-col-33 elementor-inner-column elementor-element elementor-element-6f15a01b\" data-id=\"6f15a01b\" data-element_type=\"column\" data-e-type=\"column\">\n\t\t\t<div class=\"elementor-widget-wrap elementor-element-populated\">\n\t\t\t\t\t\t<div class=\"elementor-element elementor-element-1ccce784 elementor-view-framed elementor-position-inline-start elementor-tablet-position-block-start elementor-mobile-position-inline-start elementor-shape-circle elementor-widget elementor-widget-icon-box\" data-id=\"1ccce784\" data-element_type=\"widget\" data-e-type=\"widget\" data-widget_type=\"icon-box.default\">\n\t\t\t\t<div class=\"elementor-widget-container\">\n\t\t\t\t\t\t\t<div class=\"elementor-icon-box-wrapper\">\n\n\t\t\t\t\t\t<div class=\"elementor-icon-box-icon\">\n\t\t\t\t<span  class=\"elementor-icon\">\n\t\t\t\t<i aria-hidden=\"true\" class=\"icon icon-construction-tool-vehicle-with-crane-lifting-materials\"><\/i>\t\t\t\t<\/span>\n\t\t\t<\/div>\n\t\t\t\n\t\t\t\t\t\t<div class=\"elementor-icon-box-content\">\n\n\t\t\t\t\t\t\t\t\t<div class=\"elementor-icon-box-title\">\n\t\t\t\t\t\t<span  >\n\t\t\t\t\t\t\tBonnes performances\t\t\t\t\t\t<\/span>\n\t\t\t\t\t<\/div>\n\t\t\t\t\n\t\t\t\t\t\t\t\t\t<p class=\"elementor-icon-box-description\">\n\t\t\t\t\t\t Cesbandes restent \u00e9lastiques, flexibles et r\u00e9sistantes aux fissures, garantissant une performance durable \u00e0 l\u2019int\u00e9rieur et \u00e0 l\u2019ext\u00e9rieur.\n\t\t\t\t\t<\/p>\n\t\t\t\t\n\t\t\t<\/div>\n\t\t\t\n\t\t<\/div>\n\t\t\t\t\t\t<\/div>\n\t\t\t\t<\/div>\n\t\t\t\t\t<\/div>\n\t\t<\/div>\n\t\t\t\t\t<\/div>\n\t\t<\/section>\n\t\t\t\t<section class=\"elementor-section elementor-inner-section elementor-element elementor-element-7bede791 elementor-section-boxed elementor-section-height-default elementor-section-height-default elementor-invisible\" data-id=\"7bede791\" data-element_type=\"section\" data-e-type=\"section\" data-settings=\"{&quot;animation&quot;:&quot;fadeIn&quot;,&quot;animation_delay&quot;:300}\">\n\t\t\t\t\t\t<div class=\"elementor-container elementor-column-gap-default\">\n\t\t\t\t\t<div class=\"elementor-column elementor-col-33 elementor-inner-column elementor-element elementor-element-2521c961\" data-id=\"2521c961\" data-element_type=\"column\" data-e-type=\"column\">\n\t\t\t<div class=\"elementor-widget-wrap elementor-element-populated\">\n\t\t\t\t\t\t<div class=\"elementor-element elementor-element-38f731da elementor-view-framed elementor-position-inline-start elementor-tablet-position-block-start elementor-mobile-position-inline-start elementor-shape-circle elementor-widget elementor-widget-icon-box\" data-id=\"38f731da\" data-element_type=\"widget\" data-e-type=\"widget\" data-widget_type=\"icon-box.default\">\n\t\t\t\t<div class=\"elementor-widget-container\">\n\t\t\t\t\t\t\t<div class=\"elementor-icon-box-wrapper\">\n\n\t\t\t\t\t\t<div class=\"elementor-icon-box-icon\">\n\t\t\t\t<span  class=\"elementor-icon\">\n\t\t\t\t<i aria-hidden=\"true\" class=\"fab fa-battle-net\"><\/i>\t\t\t\t<\/span>\n\t\t\t<\/div>\n\t\t\t\n\t\t\t\t\t\t<div class=\"elementor-icon-box-content\">\n\n\t\t\t\t\t\t\t\t\t<div class=\"elementor-icon-box-title\">\n\t\t\t\t\t\t<span  >\n\t\t\t\t\t\t\tChampion de l\u2019hygi\u00e8ne \t\t\t\t\t\t<\/span>\n\t\t\t\t\t<\/div>\n\t\t\t\t\n\t\t\t\t\t\t\t\t\t<p class=\"elementor-icon-box-description\">\n\t\t\t\t\t\tDans les zones sensibles telles que les usines de transformation des aliments, les entrep\u00f4ts frigorifiques et les restaurants, la surface non poreuse emp\u00eache la prolif\u00e9ration des bact\u00e9ries, pr\u00e9servant ainsi une atmosph\u00e8re propre et s\u00fbre.\n\t\t\t\t\t<\/p>\n\t\t\t\t\n\t\t\t<\/div>\n\t\t\t\n\t\t<\/div>\n\t\t\t\t\t\t<\/div>\n\t\t\t\t<\/div>\n\t\t\t\t\t<\/div>\n\t\t<\/div>\n\t\t\t\t<div class=\"elementor-column elementor-col-33 elementor-inner-column elementor-element elementor-element-3aa29085\" data-id=\"3aa29085\" data-element_type=\"column\" data-e-type=\"column\">\n\t\t\t<div class=\"elementor-widget-wrap\">\n\t\t\t\t\t\t\t<\/div>\n\t\t<\/div>\n\t\t\t\t<div class=\"elementor-column elementor-col-33 elementor-inner-column elementor-element elementor-element-2bc9ad4f\" data-id=\"2bc9ad4f\" data-element_type=\"column\" data-e-type=\"column\">\n\t\t\t<div class=\"elementor-widget-wrap\">\n\t\t\t\t\t\t\t<\/div>\n\t\t<\/div>\n\t\t\t\t\t<\/div>\n\t\t<\/section>\n\t\t\t\t\t<\/div>\n\t\t<\/div>\n\t\t\t\t\t<\/div>\n\t\t<\/section>\n\t\t\t\t<\/div>\n\t\t","protected":false},"excerpt":{"rendered":"<p>Ces bandes isolantes puissantes, con\u00e7ues pour les situations de basse temp\u00e9rature, maintiennent une atmosph\u00e8re contr\u00f4l\u00e9e tout en maximisant l\u2019utilisation de l\u2019\u00e9nergie. Elles sont fabriqu\u00e9es avec pr\u00e9cision ; le tissu PVC souple non poreux garantit une surface lisse qui r\u00e9siste \u00e0 l\u2019accumulation de bact\u00e9ries, respectant ainsi des normes d\u2019hygi\u00e8ne irr\u00e9prochables. Avantages Plus grande efficacit\u00e9 Nos bandes [&hellip;]<\/p>\n","protected":false},"author":1,"featured_media":0,"parent":1213,"menu_order":0,"comment_status":"closed","ping_status":"closed","template":"","meta":{"om_disable_all_campaigns":false,"_uf_show_specific_survey":0,"_uf_disable_surveys":false,"footnotes":""},"class_list":["post-1232","page","type-page","status-publish","hentry"],"aioseo_notices":[],"yoast_head":"<!-- This site is optimized with the Yoast SEO plugin v27.5 - https:\/\/yoast.com\/product\/yoast-seo-wordpress\/ -->\n<title>Bande de rideau transparent polaire - Soft PVC<\/title>\n<meta name=\"robots\" content=\"index, follow, max-snippet:-1, max-image-preview:large, max-video-preview:-1\" \/>\n<link rel=\"canonical\" href=\"https:\/\/www.portexsa.com.tr\/fr\/produits\/bande-de-rideau-transparent-polaire\/\" \/>\n<meta property=\"og:locale\" content=\"fr_FR\" \/>\n<meta property=\"og:type\" content=\"article\" \/>\n<meta property=\"og:title\" content=\"Bande de rideau transparent polaire - Soft PVC\" \/>\n<meta property=\"og:description\" content=\"Ces bandes isolantes puissantes, con\u00e7ues pour les situations de basse temp\u00e9rature, maintiennent une atmosph\u00e8re contr\u00f4l\u00e9e tout en maximisant l\u2019utilisation de l\u2019\u00e9nergie. Elles sont fabriqu\u00e9es avec pr\u00e9cision ; le tissu PVC souple non poreux garantit une surface lisse qui r\u00e9siste \u00e0 l\u2019accumulation de bact\u00e9ries, respectant ainsi des normes d\u2019hygi\u00e8ne irr\u00e9prochables. Avantages Plus grande efficacit\u00e9 Nos bandes [&hellip;]\" \/>\n<meta property=\"og:url\" content=\"https:\/\/www.portexsa.com.tr\/fr\/produits\/bande-de-rideau-transparent-polaire\/\" \/>\n<meta property=\"og:site_name\" content=\"Soft PVC\" \/>\n<meta property=\"article:modified_time\" content=\"2023-08-28T11:29:49+00:00\" \/>\n<meta property=\"og:image\" content=\"http:\/\/portexsa.com.tr\/wp-content\/uploads\/2023\/08\/Polar-clear.jpg\" \/>\n<meta name=\"twitter:card\" content=\"summary_large_image\" \/>\n<meta name=\"twitter:label1\" content=\"Dur\u00e9e de lecture estim\u00e9e\" \/>\n\t<meta name=\"twitter:data1\" content=\"1 minute\" \/>\n<script type=\"application\/ld+json\" class=\"yoast-schema-graph\">{\"@context\":\"https:\\\/\\\/schema.org\",\"@graph\":[{\"@type\":\"WebPage\",\"@id\":\"https:\\\/\\\/www.portexsa.com.tr\\\/fr\\\/produits\\\/bande-de-rideau-transparent-polaire\\\/\",\"url\":\"https:\\\/\\\/www.portexsa.com.tr\\\/fr\\\/produits\\\/bande-de-rideau-transparent-polaire\\\/\",\"name\":\"Bande de rideau transparent polaire - Soft PVC\",\"isPartOf\":{\"@id\":\"https:\\\/\\\/www.portexsa.com.tr\\\/#website\"},\"primaryImageOfPage\":{\"@id\":\"https:\\\/\\\/www.portexsa.com.tr\\\/fr\\\/produits\\\/bande-de-rideau-transparent-polaire\\\/#primaryimage\"},\"image\":{\"@id\":\"https:\\\/\\\/www.portexsa.com.tr\\\/fr\\\/produits\\\/bande-de-rideau-transparent-polaire\\\/#primaryimage\"},\"thumbnailUrl\":\"http:\\\/\\\/portexsa.com.tr\\\/wp-content\\\/uploads\\\/2023\\\/08\\\/Polar-clear.jpg\",\"datePublished\":\"2023-08-22T17:26:08+00:00\",\"dateModified\":\"2023-08-28T11:29:49+00:00\",\"breadcrumb\":{\"@id\":\"https:\\\/\\\/www.portexsa.com.tr\\\/fr\\\/produits\\\/bande-de-rideau-transparent-polaire\\\/#breadcrumb\"},\"inLanguage\":\"fr-FR\",\"potentialAction\":[{\"@type\":\"ReadAction\",\"target\":[\"https:\\\/\\\/www.portexsa.com.tr\\\/fr\\\/produits\\\/bande-de-rideau-transparent-polaire\\\/\"]}]},{\"@type\":\"ImageObject\",\"inLanguage\":\"fr-FR\",\"@id\":\"https:\\\/\\\/www.portexsa.com.tr\\\/fr\\\/produits\\\/bande-de-rideau-transparent-polaire\\\/#primaryimage\",\"url\":\"http:\\\/\\\/portexsa.com.tr\\\/wp-content\\\/uploads\\\/2023\\\/08\\\/Polar-clear.jpg\",\"contentUrl\":\"http:\\\/\\\/portexsa.com.tr\\\/wp-content\\\/uploads\\\/2023\\\/08\\\/Polar-clear.jpg\"},{\"@type\":\"BreadcrumbList\",\"@id\":\"https:\\\/\\\/www.portexsa.com.tr\\\/fr\\\/produits\\\/bande-de-rideau-transparent-polaire\\\/#breadcrumb\",\"itemListElement\":[{\"@type\":\"ListItem\",\"position\":1,\"name\":\"Home\",\"item\":\"https:\\\/\\\/www.portexsa.com.tr\\\/fr\\\/\"},{\"@type\":\"ListItem\",\"position\":2,\"name\":\"Produits\",\"item\":\"https:\\\/\\\/www.portexsa.com.tr\\\/fr\\\/produits\\\/\"},{\"@type\":\"ListItem\",\"position\":3,\"name\":\"Bande de rideau transparent polaire\"}]},{\"@type\":\"WebSite\",\"@id\":\"https:\\\/\\\/www.portexsa.com.tr\\\/#website\",\"url\":\"https:\\\/\\\/www.portexsa.com.tr\\\/\",\"name\":\"Portexsa Soft PVC\",\"description\":\"Portexsa Soft Pvc\",\"publisher\":{\"@id\":\"https:\\\/\\\/www.portexsa.com.tr\\\/#organization\"},\"potentialAction\":[{\"@type\":\"SearchAction\",\"target\":{\"@type\":\"EntryPoint\",\"urlTemplate\":\"https:\\\/\\\/www.portexsa.com.tr\\\/?s={search_term_string}\"},\"query-input\":{\"@type\":\"PropertyValueSpecification\",\"valueRequired\":true,\"valueName\":\"search_term_string\"}}],\"inLanguage\":\"fr-FR\"},{\"@type\":\"Organization\",\"@id\":\"https:\\\/\\\/www.portexsa.com.tr\\\/#organization\",\"name\":\"Soft PVC Curtain Strip\",\"url\":\"https:\\\/\\\/www.portexsa.com.tr\\\/\",\"logo\":{\"@type\":\"ImageObject\",\"inLanguage\":\"fr-FR\",\"@id\":\"https:\\\/\\\/www.portexsa.com.tr\\\/#\\\/schema\\\/logo\\\/image\\\/\",\"url\":\"https:\\\/\\\/www.portexsa.com.tr\\\/wp-content\\\/uploads\\\/2024\\\/11\\\/logo-new-1.png\",\"contentUrl\":\"https:\\\/\\\/www.portexsa.com.tr\\\/wp-content\\\/uploads\\\/2024\\\/11\\\/logo-new-1.png\",\"width\":280,\"height\":82,\"caption\":\"Soft PVC Curtain Strip\"},\"image\":{\"@id\":\"https:\\\/\\\/www.portexsa.com.tr\\\/#\\\/schema\\\/logo\\\/image\\\/\"}}]}<\/script>\n<!-- \/ Yoast SEO plugin. -->","yoast_head_json":{"title":"Bande de rideau transparent polaire - Soft PVC","robots":{"index":"index","follow":"follow","max-snippet":"max-snippet:-1","max-image-preview":"max-image-preview:large","max-video-preview":"max-video-preview:-1"},"canonical":"https:\/\/www.portexsa.com.tr\/fr\/produits\/bande-de-rideau-transparent-polaire\/","og_locale":"fr_FR","og_type":"article","og_title":"Bande de rideau transparent polaire - Soft PVC","og_description":"Ces bandes isolantes puissantes, con\u00e7ues pour les situations de basse temp\u00e9rature, maintiennent une atmosph\u00e8re contr\u00f4l\u00e9e tout en maximisant l\u2019utilisation de l\u2019\u00e9nergie. Elles sont fabriqu\u00e9es avec pr\u00e9cision ; le tissu PVC souple non poreux garantit une surface lisse qui r\u00e9siste \u00e0 l\u2019accumulation de bact\u00e9ries, respectant ainsi des normes d\u2019hygi\u00e8ne irr\u00e9prochables. Avantages Plus grande efficacit\u00e9 Nos bandes [&hellip;]","og_url":"https:\/\/www.portexsa.com.tr\/fr\/produits\/bande-de-rideau-transparent-polaire\/","og_site_name":"Soft PVC","article_modified_time":"2023-08-28T11:29:49+00:00","og_image":[{"url":"http:\/\/portexsa.com.tr\/wp-content\/uploads\/2023\/08\/Polar-clear.jpg","type":"","width":"","height":""}],"twitter_card":"summary_large_image","twitter_misc":{"Dur\u00e9e de lecture estim\u00e9e":"1 minute"},"schema":{"@context":"https:\/\/schema.org","@graph":[{"@type":"WebPage","@id":"https:\/\/www.portexsa.com.tr\/fr\/produits\/bande-de-rideau-transparent-polaire\/","url":"https:\/\/www.portexsa.com.tr\/fr\/produits\/bande-de-rideau-transparent-polaire\/","name":"Bande de rideau transparent polaire - Soft PVC","isPartOf":{"@id":"https:\/\/www.portexsa.com.tr\/#website"},"primaryImageOfPage":{"@id":"https:\/\/www.portexsa.com.tr\/fr\/produits\/bande-de-rideau-transparent-polaire\/#primaryimage"},"image":{"@id":"https:\/\/www.portexsa.com.tr\/fr\/produits\/bande-de-rideau-transparent-polaire\/#primaryimage"},"thumbnailUrl":"http:\/\/portexsa.com.tr\/wp-content\/uploads\/2023\/08\/Polar-clear.jpg","datePublished":"2023-08-22T17:26:08+00:00","dateModified":"2023-08-28T11:29:49+00:00","breadcrumb":{"@id":"https:\/\/www.portexsa.com.tr\/fr\/produits\/bande-de-rideau-transparent-polaire\/#breadcrumb"},"inLanguage":"fr-FR","potentialAction":[{"@type":"ReadAction","target":["https:\/\/www.portexsa.com.tr\/fr\/produits\/bande-de-rideau-transparent-polaire\/"]}]},{"@type":"ImageObject","inLanguage":"fr-FR","@id":"https:\/\/www.portexsa.com.tr\/fr\/produits\/bande-de-rideau-transparent-polaire\/#primaryimage","url":"http:\/\/portexsa.com.tr\/wp-content\/uploads\/2023\/08\/Polar-clear.jpg","contentUrl":"http:\/\/portexsa.com.tr\/wp-content\/uploads\/2023\/08\/Polar-clear.jpg"},{"@type":"BreadcrumbList","@id":"https:\/\/www.portexsa.com.tr\/fr\/produits\/bande-de-rideau-transparent-polaire\/#breadcrumb","itemListElement":[{"@type":"ListItem","position":1,"name":"Home","item":"https:\/\/www.portexsa.com.tr\/fr\/"},{"@type":"ListItem","position":2,"name":"Produits","item":"https:\/\/www.portexsa.com.tr\/fr\/produits\/"},{"@type":"ListItem","position":3,"name":"Bande de rideau transparent polaire"}]},{"@type":"WebSite","@id":"https:\/\/www.portexsa.com.tr\/#website","url":"https:\/\/www.portexsa.com.tr\/","name":"Portexsa Soft PVC","description":"Portexsa Soft Pvc","publisher":{"@id":"https:\/\/www.portexsa.com.tr\/#organization"},"potentialAction":[{"@type":"SearchAction","target":{"@type":"EntryPoint","urlTemplate":"https:\/\/www.portexsa.com.tr\/?s={search_term_string}"},"query-input":{"@type":"PropertyValueSpecification","valueRequired":true,"valueName":"search_term_string"}}],"inLanguage":"fr-FR"},{"@type":"Organization","@id":"https:\/\/www.portexsa.com.tr\/#organization","name":"Soft PVC Curtain Strip","url":"https:\/\/www.portexsa.com.tr\/","logo":{"@type":"ImageObject","inLanguage":"fr-FR","@id":"https:\/\/www.portexsa.com.tr\/#\/schema\/logo\/image\/","url":"https:\/\/www.portexsa.com.tr\/wp-content\/uploads\/2024\/11\/logo-new-1.png","contentUrl":"https:\/\/www.portexsa.com.tr\/wp-content\/uploads\/2024\/11\/logo-new-1.png","width":280,"height":82,"caption":"Soft PVC Curtain Strip"},"image":{"@id":"https:\/\/www.portexsa.com.tr\/#\/schema\/logo\/image\/"}}]}},"_links":{"self":[{"href":"https:\/\/www.portexsa.com.tr\/fr\/wp-json\/wp\/v2\/pages\/1232","targetHints":{"allow":["GET"]}}],"collection":[{"href":"https:\/\/www.portexsa.com.tr\/fr\/wp-json\/wp\/v2\/pages"}],"about":[{"href":"https:\/\/www.portexsa.com.tr\/fr\/wp-json\/wp\/v2\/types\/page"}],"author":[{"embeddable":true,"href":"https:\/\/www.portexsa.com.tr\/fr\/wp-json\/wp\/v2\/users\/1"}],"replies":[{"embeddable":true,"href":"https:\/\/www.portexsa.com.tr\/fr\/wp-json\/wp\/v2\/comments?post=1232"}],"version-history":[{"count":7,"href":"https:\/\/www.portexsa.com.tr\/fr\/wp-json\/wp\/v2\/pages\/1232\/revisions"}],"predecessor-version":[{"id":1241,"href":"https:\/\/www.portexsa.com.tr\/fr\/wp-json\/wp\/v2\/pages\/1232\/revisions\/1241"}],"up":[{"embeddable":true,"href":"https:\/\/www.portexsa.com.tr\/fr\/wp-json\/wp\/v2\/pages\/1213"}],"wp:attachment":[{"href":"https:\/\/www.portexsa.com.tr\/fr\/wp-json\/wp\/v2\/media?parent=1232"}],"curies":[{"name":"wp","href":"https:\/\/api.w.org\/{rel}","templated":true}]}}