{"id":1219,"date":"2023-08-22T16:56:38","date_gmt":"2023-08-22T16:56:38","guid":{"rendered":"https:\/\/portexsa.com.tr\/?page_id=1219"},"modified":"2023-08-28T10:47:27","modified_gmt":"2023-08-28T10:47:27","slug":"bande-pvc-souple-jaune-anti-insectes","status":"publish","type":"page","link":"https:\/\/www.portexsa.com.tr\/fr\/produits\/bande-pvc-souple-jaune-anti-insectes\/","title":{"rendered":"Bande pvc souple jaune anti-insectes"},"content":{"rendered":"\t\t<div data-elementor-type=\"wp-page\" data-elementor-id=\"1219\" class=\"elementor elementor-1219 elementor-395\" data-elementor-post-type=\"page\">\n\t\t\t\t\t\t<section class=\"elementor-section elementor-top-section elementor-element elementor-element-8927b2c elementor-section-content-middle elementor-section-boxed elementor-section-height-default elementor-section-height-default\" data-id=\"8927b2c\" data-element_type=\"section\" data-e-type=\"section\" data-settings=\"{&quot;background_background&quot;:&quot;classic&quot;}\">\n\t\t\t\t\t\t\t<div class=\"elementor-background-overlay\"><\/div>\n\t\t\t\t\t\t\t<div class=\"elementor-container elementor-column-gap-default\">\n\t\t\t\t\t<div class=\"elementor-column elementor-col-50 elementor-top-column elementor-element elementor-element-3583fab\" data-id=\"3583fab\" data-element_type=\"column\" data-e-type=\"column\">\n\t\t\t<div class=\"elementor-widget-wrap elementor-element-populated\">\n\t\t\t\t\t\t<div class=\"elementor-element elementor-element-f7e1a49 elementor-invisible elementor-widget elementor-widget-heading\" data-id=\"f7e1a49\" data-element_type=\"widget\" data-e-type=\"widget\" data-settings=\"{&quot;_animation&quot;:&quot;fadeInUp&quot;}\" data-widget_type=\"heading.default\">\n\t\t\t\t<div class=\"elementor-widget-container\">\n\t\t\t\t\t<h1 class=\"elementor-heading-title elementor-size-default\">Bande pvc souple jaune anti-insectes<\/h1>\t\t\t\t<\/div>\n\t\t\t\t<\/div>\n\t\t\t\t<div class=\"elementor-element elementor-element-1bc4fa2 elementor-widget elementor-widget-text-editor\" data-id=\"1bc4fa2\" data-element_type=\"widget\" data-e-type=\"widget\" data-widget_type=\"text-editor.default\">\n\t\t\t\t<div class=\"elementor-widget-container\">\n\t\t\t\t\t\t\t\t\tAvec notre bande de PVC souple jaune anti-insectes, nous r\u00e9volutionnons la technologie anti-insectes, en repoussant les parasites en suspension dans l\u2019air tout en conservant un environnement convivial, profitez de votre environnement sans parasites. Cette bande de PVC souple jaune translucide, d\u00e9licatement fabriqu\u00e9e, a une odeur et une couleur particuli\u00e8res. Il s\u2019agit d\u2019un insectifuge naturel r\u00e9put\u00e9 pour sa capacit\u00e9 \u00e0 \u00e9loigner les abeilles, les gu\u00eapes, les mouches et d\u2019autres insectes.\n\t\t\t\t\t\t\t\t<\/div>\n\t\t\t\t<\/div>\n\t\t\t\t\t<\/div>\n\t\t<\/div>\n\t\t\t\t<div class=\"elementor-column elementor-col-50 elementor-top-column elementor-element elementor-element-23b5a4c\" data-id=\"23b5a4c\" data-element_type=\"column\" data-e-type=\"column\">\n\t\t\t<div class=\"elementor-widget-wrap elementor-element-populated\">\n\t\t\t\t\t\t<div class=\"elementor-element elementor-element-a9b15f0 elementor-widget elementor-widget-image-carousel\" data-id=\"a9b15f0\" data-element_type=\"widget\" data-e-type=\"widget\" data-settings=\"{&quot;slides_to_show&quot;:&quot;1&quot;,&quot;navigation&quot;:&quot;none&quot;,&quot;autoplay_speed&quot;:4000,&quot;effect&quot;:&quot;fade&quot;,&quot;autoplay&quot;:&quot;yes&quot;,&quot;pause_on_hover&quot;:&quot;yes&quot;,&quot;pause_on_interaction&quot;:&quot;yes&quot;,&quot;infinite&quot;:&quot;yes&quot;,&quot;speed&quot;:500}\" data-widget_type=\"image-carousel.default\">\n\t\t\t\t<div class=\"elementor-widget-container\">\n\t\t\t\t\t\t\t<div class=\"elementor-image-carousel-wrapper swiper\" role=\"region\" aria-roledescription=\"carousel\" aria-label=\"Carrousel d\u2019images\" dir=\"ltr\">\n\t\t\t<div class=\"elementor-image-carousel swiper-wrapper\" aria-live=\"off\">\n\t\t\t\t\t\t\t\t<div class=\"swiper-slide\" role=\"group\" aria-roledescription=\"slide\" aria-label=\"1 sur 1\"><figure class=\"swiper-slide-inner\"><img decoding=\"async\" class=\"swiper-slide-image\" src=\"https:\/\/www.portexsa.com.tr\/wp-content\/smush-webp\/2023\/08\/anti-insect.jpg.webp\" alt=\"anti-insect\" loading=\"lazy\" \/><\/figure><\/div>\t\t\t<\/div>\n\t\t\t\t\t<\/div>\n\t\t\t\t\t\t<\/div>\n\t\t\t\t<\/div>\n\t\t\t\t\t<\/div>\n\t\t<\/div>\n\t\t\t\t\t<\/div>\n\t\t<\/section>\n\t\t\t\t<section class=\"elementor-section elementor-top-section elementor-element elementor-element-129004 elementor-section-boxed elementor-section-height-default elementor-section-height-default\" data-id=\"129004\" data-element_type=\"section\" data-e-type=\"section\" data-settings=\"{&quot;background_background&quot;:&quot;classic&quot;}\">\n\t\t\t\t\t\t\t<div class=\"elementor-background-overlay\"><\/div>\n\t\t\t\t\t\t\t<div class=\"elementor-container elementor-column-gap-default\">\n\t\t\t\t\t<div class=\"elementor-column elementor-col-100 elementor-top-column elementor-element elementor-element-1c9b2724\" data-id=\"1c9b2724\" data-element_type=\"column\" data-e-type=\"column\">\n\t\t\t<div class=\"elementor-widget-wrap elementor-element-populated\">\n\t\t\t\t\t\t<section class=\"elementor-section elementor-inner-section elementor-element elementor-element-18089e6e elementor-section-boxed elementor-section-height-default elementor-section-height-default\" data-id=\"18089e6e\" data-element_type=\"section\" data-e-type=\"section\">\n\t\t\t\t\t\t<div class=\"elementor-container elementor-column-gap-default\">\n\t\t\t\t\t<div class=\"elementor-column elementor-col-100 elementor-inner-column elementor-element elementor-element-4cd54312 elementor-invisible\" data-id=\"4cd54312\" data-element_type=\"column\" data-e-type=\"column\" data-settings=\"{&quot;animation&quot;:&quot;fadeInUp&quot;}\">\n\t\t\t<div class=\"elementor-widget-wrap elementor-element-populated\">\n\t\t\t\t\t\t<div class=\"elementor-element elementor-element-5d16f3d3 elementor-widget elementor-widget-heading\" data-id=\"5d16f3d3\" data-element_type=\"widget\" data-e-type=\"widget\" data-widget_type=\"heading.default\">\n\t\t\t\t<div class=\"elementor-widget-container\">\n\t\t\t\t\t<h2 class=\"elementor-heading-title elementor-size-default\">Avantages<\/h2>\t\t\t\t<\/div>\n\t\t\t\t<\/div>\n\t\t\t\t\t<\/div>\n\t\t<\/div>\n\t\t\t\t\t<\/div>\n\t\t<\/section>\n\t\t\t\t<section class=\"elementor-section elementor-inner-section elementor-element elementor-element-70bc2a64 elementor-section-boxed elementor-section-height-default elementor-section-height-default elementor-invisible\" data-id=\"70bc2a64\" data-element_type=\"section\" data-e-type=\"section\" data-settings=\"{&quot;animation&quot;:&quot;fadeIn&quot;,&quot;animation_delay&quot;:200}\">\n\t\t\t\t\t\t<div class=\"elementor-container elementor-column-gap-default\">\n\t\t\t\t\t<div class=\"elementor-column elementor-col-33 elementor-inner-column elementor-element elementor-element-4038ec89\" data-id=\"4038ec89\" data-element_type=\"column\" data-e-type=\"column\">\n\t\t\t<div class=\"elementor-widget-wrap elementor-element-populated\">\n\t\t\t\t\t\t<div class=\"elementor-element elementor-element-5ce1f835 elementor-view-framed elementor-position-inline-start elementor-tablet-position-block-start elementor-mobile-position-inline-start elementor-shape-circle elementor-widget elementor-widget-icon-box\" data-id=\"5ce1f835\" data-element_type=\"widget\" data-e-type=\"widget\" data-widget_type=\"icon-box.default\">\n\t\t\t\t<div class=\"elementor-widget-container\">\n\t\t\t\t\t\t\t<div class=\"elementor-icon-box-wrapper\">\n\n\t\t\t\t\t\t<div class=\"elementor-icon-box-icon\">\n\t\t\t\t<span  class=\"elementor-icon\">\n\t\t\t\t<i aria-hidden=\"true\" class=\"icon icon-bamboo-Leaf\"><\/i>\t\t\t\t<\/span>\n\t\t\t<\/div>\n\t\t\t\n\t\t\t\t\t\t<div class=\"elementor-icon-box-content\">\n\n\t\t\t\t\t\t\t\t\t<div class=\"elementor-icon-box-title\">\n\t\t\t\t\t\t<span  >\n\t\t\t\t\t\t\tDissuasion efficace contre les nuisibles \t\t\t\t\t\t<\/span>\n\t\t\t\t\t<\/div>\n\t\t\t\t\n\t\t\t\t\t\t\t\t\t<p class=\"elementor-icon-box-description\">\n\t\t\t\t\t\t\u00c9loignez les parasites de votre zone. La couleur jaune et la bande sp\u00e9ciale impr\u00e9gn\u00e9e d\u2019odeur forment une barri\u00e8re solide contre les insectes ind\u00e9sirables.\n\t\t\t\t\t<\/p>\n\t\t\t\t\n\t\t\t<\/div>\n\t\t\t\n\t\t<\/div>\n\t\t\t\t\t\t<\/div>\n\t\t\t\t<\/div>\n\t\t\t\t\t<\/div>\n\t\t<\/div>\n\t\t\t\t<div class=\"elementor-column elementor-col-33 elementor-inner-column elementor-element elementor-element-60c4732e\" data-id=\"60c4732e\" data-element_type=\"column\" data-e-type=\"column\">\n\t\t\t<div class=\"elementor-widget-wrap elementor-element-populated\">\n\t\t\t\t\t\t<div class=\"elementor-element elementor-element-3c1959b elementor-view-framed elementor-position-inline-start elementor-tablet-position-block-start elementor-mobile-position-inline-start elementor-shape-circle elementor-widget elementor-widget-icon-box\" data-id=\"3c1959b\" data-element_type=\"widget\" data-e-type=\"widget\" data-widget_type=\"icon-box.default\">\n\t\t\t\t<div class=\"elementor-widget-container\">\n\t\t\t\t\t\t\t<div class=\"elementor-icon-box-wrapper\">\n\n\t\t\t\t\t\t<div class=\"elementor-icon-box-icon\">\n\t\t\t\t<span  class=\"elementor-icon\">\n\t\t\t\t<i aria-hidden=\"true\" class=\"icon icon-graph-2\"><\/i>\t\t\t\t<\/span>\n\t\t\t<\/div>\n\t\t\t\n\t\t\t\t\t\t<div class=\"elementor-icon-box-content\">\n\n\t\t\t\t\t\t\t\t\t<div class=\"elementor-icon-box-title\">\n\t\t\t\t\t\t<span  >\n\t\t\t\t\t\t\tHygi\u00e8ne renforc\u00e9e \t\t\t\t\t\t<\/span>\n\t\t\t\t\t<\/div>\n\t\t\t\t\n\t\t\t\t\t\t\t\t\t<p class=\"elementor-icon-box-description\">\n\t\t\t\t\t\tLes insectes peuvent \u00eatre porteurs de bact\u00e9ries, ce qui peut \u00eatre particuli\u00e8rement pr\u00e9occupant dans certains contextes. Notre bande agit comme une couche de s\u00e9curit\u00e9 suppl\u00e9mentaire, garantissant un environnement ext\u00e9rieur plus propre et plus hygi\u00e9nique.\n\t\t\t\t\t<\/p>\n\t\t\t\t\n\t\t\t<\/div>\n\t\t\t\n\t\t<\/div>\n\t\t\t\t\t\t<\/div>\n\t\t\t\t<\/div>\n\t\t\t\t\t<\/div>\n\t\t<\/div>\n\t\t\t\t<div class=\"elementor-column elementor-col-33 elementor-inner-column elementor-element elementor-element-6f15a01b\" data-id=\"6f15a01b\" data-element_type=\"column\" data-e-type=\"column\">\n\t\t\t<div class=\"elementor-widget-wrap elementor-element-populated\">\n\t\t\t\t\t\t<div class=\"elementor-element elementor-element-1ccce784 elementor-view-framed elementor-position-inline-start elementor-tablet-position-block-start elementor-mobile-position-inline-start elementor-shape-circle elementor-widget elementor-widget-icon-box\" data-id=\"1ccce784\" data-element_type=\"widget\" data-e-type=\"widget\" data-widget_type=\"icon-box.default\">\n\t\t\t\t<div class=\"elementor-widget-container\">\n\t\t\t\t\t\t\t<div class=\"elementor-icon-box-wrapper\">\n\n\t\t\t\t\t\t<div class=\"elementor-icon-box-icon\">\n\t\t\t\t<span  class=\"elementor-icon\">\n\t\t\t\t<i aria-hidden=\"true\" class=\"fab fa-battle-net\"><\/i>\t\t\t\t<\/span>\n\t\t\t<\/div>\n\t\t\t\n\t\t\t\t\t\t<div class=\"elementor-icon-box-content\">\n\n\t\t\t\t\t\t\t\t\t<div class=\"elementor-icon-box-title\">\n\t\t\t\t\t\t<span  >\n\t\t\t\t\t\t\tApplication polyvalente\t\t\t\t\t\t<\/span>\n\t\t\t\t\t<\/div>\n\t\t\t\t\n\t\t\t\t\t\t\t\t\t<p class=\"elementor-icon-box-description\">\n\t\t\t\t\t\t\u00a0Id\u00e9al pour toute une s\u00e9rie d\u2019\u00e9tablissements ext\u00e9rieurs, tels que les entrep\u00f4ts, les caf\u00e9s, les bars et les restaurants, o\u00f9 le maintien de la propret\u00e9 et la satisfaction des clients sont des priorit\u00e9s absolues.\n\t\t\t\t\t<\/p>\n\t\t\t\t\n\t\t\t<\/div>\n\t\t\t\n\t\t<\/div>\n\t\t\t\t\t\t<\/div>\n\t\t\t\t<\/div>\n\t\t\t\t\t<\/div>\n\t\t<\/div>\n\t\t\t\t\t<\/div>\n\t\t<\/section>\n\t\t\t\t<section class=\"elementor-section elementor-inner-section elementor-element elementor-element-7bede791 elementor-section-boxed elementor-section-height-default elementor-section-height-default elementor-invisible\" data-id=\"7bede791\" data-element_type=\"section\" data-e-type=\"section\" data-settings=\"{&quot;animation&quot;:&quot;fadeIn&quot;,&quot;animation_delay&quot;:300}\">\n\t\t\t\t\t\t<div class=\"elementor-container elementor-column-gap-default\">\n\t\t\t\t\t<div class=\"elementor-column elementor-col-33 elementor-inner-column elementor-element elementor-element-2521c961\" data-id=\"2521c961\" data-element_type=\"column\" data-e-type=\"column\">\n\t\t\t<div class=\"elementor-widget-wrap elementor-element-populated\">\n\t\t\t\t\t\t<div class=\"elementor-element elementor-element-38f731da elementor-view-framed elementor-position-inline-start elementor-tablet-position-block-start elementor-mobile-position-inline-start elementor-shape-circle elementor-widget elementor-widget-icon-box\" data-id=\"38f731da\" data-element_type=\"widget\" data-e-type=\"widget\" data-widget_type=\"icon-box.default\">\n\t\t\t\t<div class=\"elementor-widget-container\">\n\t\t\t\t\t\t\t<div class=\"elementor-icon-box-wrapper\">\n\n\t\t\t\t\t\t<div class=\"elementor-icon-box-icon\">\n\t\t\t\t<span  class=\"elementor-icon\">\n\t\t\t\t<i aria-hidden=\"true\" class=\"fas fa-shield-virus\"><\/i>\t\t\t\t<\/span>\n\t\t\t<\/div>\n\t\t\t\n\t\t\t\t\t\t<div class=\"elementor-icon-box-content\">\n\n\t\t\t\t\t\t\t\t\t<div class=\"elementor-icon-box-title\">\n\t\t\t\t\t\t<span  >\n\t\t\t\t\t\t\tContr\u00f4le avanc\u00e9 des insectes \t\t\t\t\t\t<\/span>\n\t\t\t\t\t<\/div>\n\t\t\t\t\n\t\t\t\t\t\t\t\t\t<p class=\"elementor-icon-box-description\">\n\t\t\t\t\t\tNotre bande va au-del\u00e0 de la simple r\u00e9pulsion. Elle \u00e9limine activement les moustiques au contact, ce qui en fait un choix judicieux pour divers environnements, y compris les \u00e9coles et les h\u00f4pitaux.\n\n\t\t\t\t\t<\/p>\n\t\t\t\t\n\t\t\t<\/div>\n\t\t\t\n\t\t<\/div>\n\t\t\t\t\t\t<\/div>\n\t\t\t\t<\/div>\n\t\t\t\t\t<\/div>\n\t\t<\/div>\n\t\t\t\t<div class=\"elementor-column elementor-col-33 elementor-inner-column elementor-element elementor-element-3aa29085\" data-id=\"3aa29085\" data-element_type=\"column\" data-e-type=\"column\">\n\t\t\t<div class=\"elementor-widget-wrap\">\n\t\t\t\t\t\t\t<\/div>\n\t\t<\/div>\n\t\t\t\t<div class=\"elementor-column elementor-col-33 elementor-inner-column elementor-element elementor-element-2bc9ad4f\" data-id=\"2bc9ad4f\" data-element_type=\"column\" data-e-type=\"column\">\n\t\t\t<div class=\"elementor-widget-wrap\">\n\t\t\t\t\t\t\t<\/div>\n\t\t<\/div>\n\t\t\t\t\t<\/div>\n\t\t<\/section>\n\t\t\t\t\t<\/div>\n\t\t<\/div>\n\t\t\t\t\t<\/div>\n\t\t<\/section>\n\t\t\t\t<\/div>\n\t\t","protected":false},"excerpt":{"rendered":"<p>Avec notre bande de PVC souple jaune anti-insectes, nous r\u00e9volutionnons la technologie anti-insectes, en repoussant les parasites en suspension dans l\u2019air tout en conservant un environnement convivial, profitez de votre environnement sans parasites. Cette bande de PVC souple jaune translucide, d\u00e9licatement fabriqu\u00e9e, a une odeur et une couleur particuli\u00e8res. Il s\u2019agit d\u2019un insectifuge naturel r\u00e9put\u00e9 [&hellip;]<\/p>\n","protected":false},"author":1,"featured_media":0,"parent":1213,"menu_order":0,"comment_status":"closed","ping_status":"closed","template":"","meta":{"om_disable_all_campaigns":false,"_uf_show_specific_survey":0,"_uf_disable_surveys":false,"footnotes":""},"class_list":["post-1219","page","type-page","status-publish","hentry"],"aioseo_notices":[],"yoast_head":"<!-- This site is optimized with the Yoast SEO plugin v27.5 - https:\/\/yoast.com\/product\/yoast-seo-wordpress\/ -->\n<title>Bande pvc souple jaune anti-insectes - Soft PVC<\/title>\n<meta name=\"robots\" content=\"index, follow, max-snippet:-1, max-image-preview:large, max-video-preview:-1\" \/>\n<link rel=\"canonical\" href=\"https:\/\/www.portexsa.com.tr\/fr\/produits\/bande-pvc-souple-jaune-anti-insectes\/\" \/>\n<meta property=\"og:locale\" content=\"fr_FR\" \/>\n<meta property=\"og:type\" content=\"article\" \/>\n<meta property=\"og:title\" content=\"Bande pvc souple jaune anti-insectes - Soft PVC\" \/>\n<meta property=\"og:description\" content=\"Avec notre bande de PVC souple jaune anti-insectes, nous r\u00e9volutionnons la technologie anti-insectes, en repoussant les parasites en suspension dans l\u2019air tout en conservant un environnement convivial, profitez de votre environnement sans parasites. Cette bande de PVC souple jaune translucide, d\u00e9licatement fabriqu\u00e9e, a une odeur et une couleur particuli\u00e8res. Il s\u2019agit d\u2019un insectifuge naturel r\u00e9put\u00e9 [&hellip;]\" \/>\n<meta property=\"og:url\" content=\"https:\/\/www.portexsa.com.tr\/fr\/produits\/bande-pvc-souple-jaune-anti-insectes\/\" \/>\n<meta property=\"og:site_name\" content=\"Soft PVC\" \/>\n<meta property=\"article:modified_time\" content=\"2023-08-28T10:47:27+00:00\" \/>\n<meta property=\"og:image\" content=\"http:\/\/portexsa.com.tr\/wp-content\/uploads\/2023\/08\/anti-insect.jpg\" \/>\n<meta name=\"twitter:card\" content=\"summary_large_image\" \/>\n<meta name=\"twitter:label1\" content=\"Dur\u00e9e de lecture estim\u00e9e\" \/>\n\t<meta name=\"twitter:data1\" content=\"1 minute\" \/>\n<script type=\"application\/ld+json\" class=\"yoast-schema-graph\">{\"@context\":\"https:\\\/\\\/schema.org\",\"@graph\":[{\"@type\":\"WebPage\",\"@id\":\"https:\\\/\\\/www.portexsa.com.tr\\\/fr\\\/produits\\\/bande-pvc-souple-jaune-anti-insectes\\\/\",\"url\":\"https:\\\/\\\/www.portexsa.com.tr\\\/fr\\\/produits\\\/bande-pvc-souple-jaune-anti-insectes\\\/\",\"name\":\"Bande pvc souple jaune anti-insectes - Soft PVC\",\"isPartOf\":{\"@id\":\"https:\\\/\\\/www.portexsa.com.tr\\\/#website\"},\"primaryImageOfPage\":{\"@id\":\"https:\\\/\\\/www.portexsa.com.tr\\\/fr\\\/produits\\\/bande-pvc-souple-jaune-anti-insectes\\\/#primaryimage\"},\"image\":{\"@id\":\"https:\\\/\\\/www.portexsa.com.tr\\\/fr\\\/produits\\\/bande-pvc-souple-jaune-anti-insectes\\\/#primaryimage\"},\"thumbnailUrl\":\"http:\\\/\\\/portexsa.com.tr\\\/wp-content\\\/uploads\\\/2023\\\/08\\\/anti-insect.jpg\",\"datePublished\":\"2023-08-22T16:56:38+00:00\",\"dateModified\":\"2023-08-28T10:47:27+00:00\",\"breadcrumb\":{\"@id\":\"https:\\\/\\\/www.portexsa.com.tr\\\/fr\\\/produits\\\/bande-pvc-souple-jaune-anti-insectes\\\/#breadcrumb\"},\"inLanguage\":\"fr-FR\",\"potentialAction\":[{\"@type\":\"ReadAction\",\"target\":[\"https:\\\/\\\/www.portexsa.com.tr\\\/fr\\\/produits\\\/bande-pvc-souple-jaune-anti-insectes\\\/\"]}]},{\"@type\":\"ImageObject\",\"inLanguage\":\"fr-FR\",\"@id\":\"https:\\\/\\\/www.portexsa.com.tr\\\/fr\\\/produits\\\/bande-pvc-souple-jaune-anti-insectes\\\/#primaryimage\",\"url\":\"http:\\\/\\\/portexsa.com.tr\\\/wp-content\\\/uploads\\\/2023\\\/08\\\/anti-insect.jpg\",\"contentUrl\":\"http:\\\/\\\/portexsa.com.tr\\\/wp-content\\\/uploads\\\/2023\\\/08\\\/anti-insect.jpg\"},{\"@type\":\"BreadcrumbList\",\"@id\":\"https:\\\/\\\/www.portexsa.com.tr\\\/fr\\\/produits\\\/bande-pvc-souple-jaune-anti-insectes\\\/#breadcrumb\",\"itemListElement\":[{\"@type\":\"ListItem\",\"position\":1,\"name\":\"Home\",\"item\":\"https:\\\/\\\/www.portexsa.com.tr\\\/fr\\\/\"},{\"@type\":\"ListItem\",\"position\":2,\"name\":\"Produits\",\"item\":\"https:\\\/\\\/www.portexsa.com.tr\\\/fr\\\/produits\\\/\"},{\"@type\":\"ListItem\",\"position\":3,\"name\":\"Bande pvc souple jaune anti-insectes\"}]},{\"@type\":\"WebSite\",\"@id\":\"https:\\\/\\\/www.portexsa.com.tr\\\/#website\",\"url\":\"https:\\\/\\\/www.portexsa.com.tr\\\/\",\"name\":\"Portexsa Soft PVC\",\"description\":\"Portexsa Soft Pvc\",\"publisher\":{\"@id\":\"https:\\\/\\\/www.portexsa.com.tr\\\/#organization\"},\"potentialAction\":[{\"@type\":\"SearchAction\",\"target\":{\"@type\":\"EntryPoint\",\"urlTemplate\":\"https:\\\/\\\/www.portexsa.com.tr\\\/?s={search_term_string}\"},\"query-input\":{\"@type\":\"PropertyValueSpecification\",\"valueRequired\":true,\"valueName\":\"search_term_string\"}}],\"inLanguage\":\"fr-FR\"},{\"@type\":\"Organization\",\"@id\":\"https:\\\/\\\/www.portexsa.com.tr\\\/#organization\",\"name\":\"Soft PVC Curtain Strip\",\"url\":\"https:\\\/\\\/www.portexsa.com.tr\\\/\",\"logo\":{\"@type\":\"ImageObject\",\"inLanguage\":\"fr-FR\",\"@id\":\"https:\\\/\\\/www.portexsa.com.tr\\\/#\\\/schema\\\/logo\\\/image\\\/\",\"url\":\"https:\\\/\\\/www.portexsa.com.tr\\\/wp-content\\\/uploads\\\/2024\\\/11\\\/logo-new-1.png\",\"contentUrl\":\"https:\\\/\\\/www.portexsa.com.tr\\\/wp-content\\\/uploads\\\/2024\\\/11\\\/logo-new-1.png\",\"width\":280,\"height\":82,\"caption\":\"Soft PVC Curtain Strip\"},\"image\":{\"@id\":\"https:\\\/\\\/www.portexsa.com.tr\\\/#\\\/schema\\\/logo\\\/image\\\/\"}}]}<\/script>\n<!-- \/ Yoast SEO plugin. -->","yoast_head_json":{"title":"Bande pvc souple jaune anti-insectes - Soft PVC","robots":{"index":"index","follow":"follow","max-snippet":"max-snippet:-1","max-image-preview":"max-image-preview:large","max-video-preview":"max-video-preview:-1"},"canonical":"https:\/\/www.portexsa.com.tr\/fr\/produits\/bande-pvc-souple-jaune-anti-insectes\/","og_locale":"fr_FR","og_type":"article","og_title":"Bande pvc souple jaune anti-insectes - Soft PVC","og_description":"Avec notre bande de PVC souple jaune anti-insectes, nous r\u00e9volutionnons la technologie anti-insectes, en repoussant les parasites en suspension dans l\u2019air tout en conservant un environnement convivial, profitez de votre environnement sans parasites. Cette bande de PVC souple jaune translucide, d\u00e9licatement fabriqu\u00e9e, a une odeur et une couleur particuli\u00e8res. Il s\u2019agit d\u2019un insectifuge naturel r\u00e9put\u00e9 [&hellip;]","og_url":"https:\/\/www.portexsa.com.tr\/fr\/produits\/bande-pvc-souple-jaune-anti-insectes\/","og_site_name":"Soft PVC","article_modified_time":"2023-08-28T10:47:27+00:00","og_image":[{"url":"http:\/\/portexsa.com.tr\/wp-content\/uploads\/2023\/08\/anti-insect.jpg","type":"","width":"","height":""}],"twitter_card":"summary_large_image","twitter_misc":{"Dur\u00e9e de lecture estim\u00e9e":"1 minute"},"schema":{"@context":"https:\/\/schema.org","@graph":[{"@type":"WebPage","@id":"https:\/\/www.portexsa.com.tr\/fr\/produits\/bande-pvc-souple-jaune-anti-insectes\/","url":"https:\/\/www.portexsa.com.tr\/fr\/produits\/bande-pvc-souple-jaune-anti-insectes\/","name":"Bande pvc souple jaune anti-insectes - Soft PVC","isPartOf":{"@id":"https:\/\/www.portexsa.com.tr\/#website"},"primaryImageOfPage":{"@id":"https:\/\/www.portexsa.com.tr\/fr\/produits\/bande-pvc-souple-jaune-anti-insectes\/#primaryimage"},"image":{"@id":"https:\/\/www.portexsa.com.tr\/fr\/produits\/bande-pvc-souple-jaune-anti-insectes\/#primaryimage"},"thumbnailUrl":"http:\/\/portexsa.com.tr\/wp-content\/uploads\/2023\/08\/anti-insect.jpg","datePublished":"2023-08-22T16:56:38+00:00","dateModified":"2023-08-28T10:47:27+00:00","breadcrumb":{"@id":"https:\/\/www.portexsa.com.tr\/fr\/produits\/bande-pvc-souple-jaune-anti-insectes\/#breadcrumb"},"inLanguage":"fr-FR","potentialAction":[{"@type":"ReadAction","target":["https:\/\/www.portexsa.com.tr\/fr\/produits\/bande-pvc-souple-jaune-anti-insectes\/"]}]},{"@type":"ImageObject","inLanguage":"fr-FR","@id":"https:\/\/www.portexsa.com.tr\/fr\/produits\/bande-pvc-souple-jaune-anti-insectes\/#primaryimage","url":"http:\/\/portexsa.com.tr\/wp-content\/uploads\/2023\/08\/anti-insect.jpg","contentUrl":"http:\/\/portexsa.com.tr\/wp-content\/uploads\/2023\/08\/anti-insect.jpg"},{"@type":"BreadcrumbList","@id":"https:\/\/www.portexsa.com.tr\/fr\/produits\/bande-pvc-souple-jaune-anti-insectes\/#breadcrumb","itemListElement":[{"@type":"ListItem","position":1,"name":"Home","item":"https:\/\/www.portexsa.com.tr\/fr\/"},{"@type":"ListItem","position":2,"name":"Produits","item":"https:\/\/www.portexsa.com.tr\/fr\/produits\/"},{"@type":"ListItem","position":3,"name":"Bande pvc souple jaune anti-insectes"}]},{"@type":"WebSite","@id":"https:\/\/www.portexsa.com.tr\/#website","url":"https:\/\/www.portexsa.com.tr\/","name":"Portexsa Soft PVC","description":"Portexsa Soft Pvc","publisher":{"@id":"https:\/\/www.portexsa.com.tr\/#organization"},"potentialAction":[{"@type":"SearchAction","target":{"@type":"EntryPoint","urlTemplate":"https:\/\/www.portexsa.com.tr\/?s={search_term_string}"},"query-input":{"@type":"PropertyValueSpecification","valueRequired":true,"valueName":"search_term_string"}}],"inLanguage":"fr-FR"},{"@type":"Organization","@id":"https:\/\/www.portexsa.com.tr\/#organization","name":"Soft PVC Curtain Strip","url":"https:\/\/www.portexsa.com.tr\/","logo":{"@type":"ImageObject","inLanguage":"fr-FR","@id":"https:\/\/www.portexsa.com.tr\/#\/schema\/logo\/image\/","url":"https:\/\/www.portexsa.com.tr\/wp-content\/uploads\/2024\/11\/logo-new-1.png","contentUrl":"https:\/\/www.portexsa.com.tr\/wp-content\/uploads\/2024\/11\/logo-new-1.png","width":280,"height":82,"caption":"Soft PVC Curtain Strip"},"image":{"@id":"https:\/\/www.portexsa.com.tr\/#\/schema\/logo\/image\/"}}]}},"_links":{"self":[{"href":"https:\/\/www.portexsa.com.tr\/fr\/wp-json\/wp\/v2\/pages\/1219","targetHints":{"allow":["GET"]}}],"collection":[{"href":"https:\/\/www.portexsa.com.tr\/fr\/wp-json\/wp\/v2\/pages"}],"about":[{"href":"https:\/\/www.portexsa.com.tr\/fr\/wp-json\/wp\/v2\/types\/page"}],"author":[{"embeddable":true,"href":"https:\/\/www.portexsa.com.tr\/fr\/wp-json\/wp\/v2\/users\/1"}],"replies":[{"embeddable":true,"href":"https:\/\/www.portexsa.com.tr\/fr\/wp-json\/wp\/v2\/comments?post=1219"}],"version-history":[{"count":4,"href":"https:\/\/www.portexsa.com.tr\/fr\/wp-json\/wp\/v2\/pages\/1219\/revisions"}],"predecessor-version":[{"id":1230,"href":"https:\/\/www.portexsa.com.tr\/fr\/wp-json\/wp\/v2\/pages\/1219\/revisions\/1230"}],"up":[{"embeddable":true,"href":"https:\/\/www.portexsa.com.tr\/fr\/wp-json\/wp\/v2\/pages\/1213"}],"wp:attachment":[{"href":"https:\/\/www.portexsa.com.tr\/fr\/wp-json\/wp\/v2\/media?parent=1219"}],"curies":[{"name":"wp","href":"https:\/\/api.w.org\/{rel}","templated":true}]}}